{"id":17558,"date":"2022-12-01T11:48:29","date_gmt":"2022-12-01T07:48:29","guid":{"rendered":"https:\/\/meltan.mu\/?page_id=17558"},"modified":"2022-12-01T12:02:37","modified_gmt":"2022-12-01T08:02:37","slug":"retraite-a-lile-maurice","status":"publish","type":"page","link":"https:\/\/meltan.mu\/index.php\/fr\/retraite-a-lile-maurice\/","title":{"rendered":"Retraite \u00e0 l&#8217;\u00eele maurice"},"content":{"rendered":"<p>[vc_row full_width=&#8221;stretch_row_content&#8221; css=&#8221;.vc_custom_1659459295966{background-color: #ffffff !important;}&#8221;][vc_column css=&#8221;.vc_custom_1661154451143{padding-top: 0px !important;padding-right: 0px !important;padding-bottom: 0px !important;padding-left: 0px !important;}&#8221;][vc_single_image source=&#8221;external_link&#8221; css=&#8221;.vc_custom_1668353511698{padding-top: 0px !important;padding-right: 0px !important;padding-bottom: 0px !important;padding-left: 0px !important;}&#8221; custom_src=&#8221;https:\/\/meltan.mu\/wp-content\/uploads\/2022\/08\/Mauritius-2.jpg&#8221;][\/vc_column][\/vc_row][vc_row full_width=&#8221;stretch_row_content&#8221; content_placement=&#8221;top&#8221; css=&#8221;.vc_custom_1659965079822{margin-top: 0px !important;padding-right: 20px !important;padding-bottom: 40px !important;padding-left: 20px !important;background-color: #d3d3d3 !important;}&#8221;][vc_column width=&#8221;1\/3&#8243; css=&#8221;.vc_custom_1659965044898{margin-top: 30px !important;}&#8221;][vc_single_image source=&#8221;external_link&#8221; custom_src=&#8221;https:\/\/meltan.mu\/wp-content\/uploads\/2022\/08\/retire-as-from-50.jpg&#8221;][\/vc_column][vc_column width=&#8221;2\/3&#8243; css=&#8221;.vc_custom_1659846955262{margin-top: 30px !important;}&#8221;][vc_column_text css=&#8221;.vc_custom_1669881755076{margin-top: 40px !important;}&#8221;]<\/p>\n<h1 style=\"text-align: justify;\">Retraite \u00e0 l&#8217;\u00eele maurice<\/h1>\n<p style=\"text-align: justify;\"><span style=\"color: #000000;\">Si vous avez 50 ans ou plus, prendre votre retraite \u00e0 Maurice peut \u00eatre l&#8217;option id\u00e9ale pour vous.<\/span><br \/>\n<span style=\"color: #000000;\">L&#8217;\u00eele Maurice est un endroit fantastique pour la retraite car elle b\u00e9n\u00e9ficie d&#8217;un climat chaud et agr\u00e9able pendant huit mois de l&#8217;ann\u00e9e, d&#8217;un environnement tranquille et harmonieux, d&#8217;une infrastructure en croissance constante et d&#8217;un faible co\u00fbt de la vie.<\/span><\/p>\n<p style=\"text-align: justify;\"><span style=\"color: #000000;\">Vous pouvez profiter d&#8217;un permis de r\u00e9sidence de 10 ans et d&#8217;un style de vie tranquille pour environ 1 500 USD par mois. Avec le permis de s\u00e9jour, vous avez \u00e9galement la possibilit\u00e9 de demander un permis de s\u00e9jour permanent valable 20 ans apr\u00e8s trois ann\u00e9es cons\u00e9cutives.<\/span><\/p>\n<p>[\/vc_column_text][\/vc_column][\/vc_row]<\/p>\n","protected":false},"excerpt":{"rendered":"<p>[vc_row full_width=&#8221;stretch_row_content&#8221; css=&#8221;.vc_custom_1659459295966{background-color: #ffffff !important;}&#8221;][vc_column css=&#8221;.vc_custom_1661154451143{padding-top: 0px !important;padding-right: 0px !important;padding-bottom: 0px !important;padding-left: 0px !important;}&#8221;][vc_single_image source=&#8221;external_link&#8221; css=&#8221;.vc_custom_1668353511698{padding-top: 0px !important;padding-right: 0px !important;padding-bottom: 0px !important;padding-left: 0px !important;}&#8221; custom_src=&#8221;https:\/\/meltan.mu\/wp-content\/uploads\/2022\/08\/Mauritius-2.jpg&#8221;][\/vc_column][\/vc_row][vc_row full_width=&#8221;stretch_row_content&#8221; content_placement=&#8221;top&#8221; css=&#8221;.vc_custom_1659965079822{margin-top: 0px !important;padding-right: 20px !important;padding-bottom: 40px !important;padding-left: 20px !important;background-color: #d3d3d3 !important;}&#8221;][vc_column width=&#8221;1\/3&#8243; css=&#8221;.vc_custom_1659965044898{margin-top: 30px !important;}&#8221;][vc_single_image source=&#8221;external_link&#8221; custom_src=&#8221;https:\/\/meltan.mu\/wp-content\/uploads\/2022\/08\/retire-as-from-50.jpg&#8221;][\/vc_column][vc_column width=&#8221;2\/3&#8243; css=&#8221;.vc_custom_1659846955262{margin-top: 30px !important;}&#8221;][vc_column_text css=&#8221;.vc_custom_1669881755076{margin-top: 40px !important;}&#8221;] Retraite \u00e0 l&#8217;\u00eele maurice [&hellip;]<\/p>\n","protected":false},"author":1,"featured_media":0,"parent":0,"menu_order":0,"comment_status":"closed","ping_status":"closed","template":"templates\/full-width.php","meta":{"footnotes":""},"class_list":["post-17558","page","type-page","status-publish","hentry"],"aioseo_notices":[],"_links":{"self":[{"href":"https:\/\/meltan.mu\/index.php\/wp-json\/wp\/v2\/pages\/17558","targetHints":{"allow":["GET"]}}],"collection":[{"href":"https:\/\/meltan.mu\/index.php\/wp-json\/wp\/v2\/pages"}],"about":[{"href":"https:\/\/meltan.mu\/index.php\/wp-json\/wp\/v2\/types\/page"}],"author":[{"embeddable":true,"href":"https:\/\/meltan.mu\/index.php\/wp-json\/wp\/v2\/users\/1"}],"replies":[{"embeddable":true,"href":"https:\/\/meltan.mu\/index.php\/wp-json\/wp\/v2\/comments?post=17558"}],"version-history":[{"count":4,"href":"https:\/\/meltan.mu\/index.php\/wp-json\/wp\/v2\/pages\/17558\/revisions"}],"predecessor-version":[{"id":17573,"href":"https:\/\/meltan.mu\/index.php\/wp-json\/wp\/v2\/pages\/17558\/revisions\/17573"}],"wp:attachment":[{"href":"https:\/\/meltan.mu\/index.php\/wp-json\/wp\/v2\/media?parent=17558"}],"curies":[{"name":"wp","href":"https:\/\/api.w.org\/{rel}","templated":true}]}}