{"id":17550,"date":"2022-12-01T11:36:08","date_gmt":"2022-12-01T07:36:08","guid":{"rendered":"https:\/\/meltan.mu\/?page_id=17550"},"modified":"2022-12-01T11:37:58","modified_gmt":"2022-12-01T07:37:58","slug":"travailler-a-lile-maurice","status":"publish","type":"page","link":"https:\/\/meltan.mu\/index.php\/fr\/travailler-a-lile-maurice\/","title":{"rendered":"Travailler \u00e0 l&#8217;\u00eele maurice"},"content":{"rendered":"<p>[vc_row full_width=&#8221;stretch_row_content&#8221; css=&#8221;.vc_custom_1659459295966{background-color: #ffffff !important;}&#8221;][vc_column css=&#8221;.vc_custom_1661154451143{padding-top: 0px !important;padding-right: 0px !important;padding-bottom: 0px !important;padding-left: 0px !important;}&#8221;][vc_single_image source=&#8221;external_link&#8221; css=&#8221;.vc_custom_1668353511698{padding-top: 0px !important;padding-right: 0px !important;padding-bottom: 0px !important;padding-left: 0px !important;}&#8221; custom_src=&#8221;https:\/\/meltan.mu\/wp-content\/uploads\/2022\/08\/Mauritius-2.jpg&#8221;][\/vc_column][\/vc_row][vc_row full_width=&#8221;stretch_row_content&#8221; content_placement=&#8221;top&#8221; css=&#8221;.vc_custom_1659965079822{margin-top: 0px !important;padding-right: 20px !important;padding-bottom: 40px !important;padding-left: 20px !important;background-color: #d3d3d3 !important;}&#8221;][vc_column width=&#8221;1\/3&#8243; css=&#8221;.vc_custom_1659965044898{margin-top: 30px !important;}&#8221;][vc_single_image source=&#8221;external_link&#8221; custom_src=&#8221;https:\/\/meltan.mu\/wp-content\/uploads\/2022\/08\/professional-1.jpg&#8221;][\/vc_column][vc_column width=&#8221;2\/3&#8243; css=&#8221;.vc_custom_1659846955262{margin-top: 30px !important;}&#8221;][vc_column_text css=&#8221;.vc_custom_1669880273383{margin-top: 40px !important;}&#8221;]<\/p>\n<h1 style=\"text-align: justify;\">Travailler \u00e0 l&#8217;\u00eele maurice<\/h1>\n<p style=\"text-align: justify;\"><span style=\"color: #000000;\">Les professionnels aux capacit\u00e9s et aux talents av\u00e9r\u00e9s ont toujours \u00e9t\u00e9 les bienvenus \u00e0 Maurice. Maurice offre aux expatri\u00e9s la possibilit\u00e9 d&#8217;explorer le march\u00e9 du travail mauricien dans une vari\u00e9t\u00e9 d&#8217;industries dynamiques, notamment la finance, le commerce, les technologies de l&#8217;information et de la communication immobili\u00e8res, la sant\u00e9 et le tourisme.<\/span><\/p>\n<p style=\"text-align: justify;\"><span style=\"color: #000000;\">Suite \u00e0 son d\u00e9veloppement continu, Maurice accueille \u00e9galement des \u00e9tudiants internationaux qui ont termin\u00e9 leurs \u00e9tudes dans l&#8217;un de ses \u00e9tablissements d&#8217;enseignement sup\u00e9rieur sur son march\u00e9 du travail. En fonction de la dur\u00e9e du contrat de travail, ils sont qualifi\u00e9s pour un Occupation Permit qui peut durer jusqu&#8217;\u00e0 3 ans.<\/span><\/p>\n<p>[\/vc_column_text][\/vc_column][\/vc_row]<\/p>\n","protected":false},"excerpt":{"rendered":"<p>[vc_row full_width=&#8221;stretch_row_content&#8221; css=&#8221;.vc_custom_1659459295966{background-color: #ffffff !important;}&#8221;][vc_column css=&#8221;.vc_custom_1661154451143{padding-top: 0px !important;padding-right: 0px !important;padding-bottom: 0px !important;padding-left: 0px !important;}&#8221;][vc_single_image source=&#8221;external_link&#8221; css=&#8221;.vc_custom_1668353511698{padding-top: 0px !important;padding-right: 0px !important;padding-bottom: 0px !important;padding-left: 0px !important;}&#8221; custom_src=&#8221;https:\/\/meltan.mu\/wp-content\/uploads\/2022\/08\/Mauritius-2.jpg&#8221;][\/vc_column][\/vc_row][vc_row full_width=&#8221;stretch_row_content&#8221; content_placement=&#8221;top&#8221; css=&#8221;.vc_custom_1659965079822{margin-top: 0px !important;padding-right: 20px !important;padding-bottom: 40px !important;padding-left: 20px !important;background-color: #d3d3d3 !important;}&#8221;][vc_column width=&#8221;1\/3&#8243; css=&#8221;.vc_custom_1659965044898{margin-top: 30px !important;}&#8221;][vc_single_image source=&#8221;external_link&#8221; custom_src=&#8221;https:\/\/meltan.mu\/wp-content\/uploads\/2022\/08\/professional-1.jpg&#8221;][\/vc_column][vc_column width=&#8221;2\/3&#8243; css=&#8221;.vc_custom_1659846955262{margin-top: 30px !important;}&#8221;][vc_column_text css=&#8221;.vc_custom_1669880273383{margin-top: 40px !important;}&#8221;] Travailler \u00e0 l&#8217;\u00eele maurice [&hellip;]<\/p>\n","protected":false},"author":1,"featured_media":0,"parent":0,"menu_order":0,"comment_status":"closed","ping_status":"closed","template":"templates\/full-width.php","meta":{"footnotes":""},"class_list":["post-17550","page","type-page","status-publish","hentry"],"aioseo_notices":[],"_links":{"self":[{"href":"https:\/\/meltan.mu\/index.php\/wp-json\/wp\/v2\/pages\/17550","targetHints":{"allow":["GET"]}}],"collection":[{"href":"https:\/\/meltan.mu\/index.php\/wp-json\/wp\/v2\/pages"}],"about":[{"href":"https:\/\/meltan.mu\/index.php\/wp-json\/wp\/v2\/types\/page"}],"author":[{"embeddable":true,"href":"https:\/\/meltan.mu\/index.php\/wp-json\/wp\/v2\/users\/1"}],"replies":[{"embeddable":true,"href":"https:\/\/meltan.mu\/index.php\/wp-json\/wp\/v2\/comments?post=17550"}],"version-history":[{"count":2,"href":"https:\/\/meltan.mu\/index.php\/wp-json\/wp\/v2\/pages\/17550\/revisions"}],"predecessor-version":[{"id":17552,"href":"https:\/\/meltan.mu\/index.php\/wp-json\/wp\/v2\/pages\/17550\/revisions\/17552"}],"wp:attachment":[{"href":"https:\/\/meltan.mu\/index.php\/wp-json\/wp\/v2\/media?parent=17550"}],"curies":[{"name":"wp","href":"https:\/\/api.w.org\/{rel}","templated":true}]}}