{"id":17546,"date":"2022-12-01T11:31:08","date_gmt":"2022-12-01T07:31:08","guid":{"rendered":"https:\/\/meltan.mu\/?page_id=17546"},"modified":"2022-12-01T12:00:05","modified_gmt":"2022-12-01T08:00:05","slug":"vivre-a-lile-maurice","status":"publish","type":"page","link":"https:\/\/meltan.mu\/index.php\/fr\/vivre-a-lile-maurice\/","title":{"rendered":"Vivre \u00e0 l&#8217;\u00eele maurice"},"content":{"rendered":"<p>[vc_row full_width=&#8221;stretch_row_content&#8221; css=&#8221;.vc_custom_1659459295966{background-color: #ffffff !important;}&#8221;][vc_column css=&#8221;.vc_custom_1661154451143{padding-top: 0px !important;padding-right: 0px !important;padding-bottom: 0px !important;padding-left: 0px !important;}&#8221;][vc_single_image source=&#8221;external_link&#8221; css=&#8221;.vc_custom_1668353511698{padding-top: 0px !important;padding-right: 0px !important;padding-bottom: 0px !important;padding-left: 0px !important;}&#8221; custom_src=&#8221;https:\/\/meltan.mu\/wp-content\/uploads\/2022\/08\/Mauritius-2.jpg&#8221;][\/vc_column][\/vc_row][vc_row full_width=&#8221;stretch_row_content&#8221; content_placement=&#8221;top&#8221; css=&#8221;.vc_custom_1659965079822{margin-top: 0px !important;padding-right: 20px !important;padding-bottom: 40px !important;padding-left: 20px !important;background-color: #d3d3d3 !important;}&#8221;][vc_column width=&#8221;1\/3&#8243; css=&#8221;.vc_custom_1659965044898{margin-top: 30px !important;}&#8221;][vc_single_image source=&#8221;external_link&#8221; custom_src=&#8221;https:\/\/meltan.mu\/wp-content\/uploads\/2022\/09\/workNresidency.jpg&#8221;][\/vc_column][vc_column width=&#8221;2\/3&#8243; css=&#8221;.vc_custom_1659846955262{margin-top: 30px !important;}&#8221;][vc_column_text css=&#8221;.vc_custom_1669881602521{margin-top: 40px !important;}&#8221;]<\/p>\n<h1 style=\"text-align: justify;\">Vivre \u00e0 l&#8217;\u00eele maurice<\/h1>\n<p style=\"text-align: justify;\"><span style=\"color: #000000;\">Maurice est la destination id\u00e9ale pour r\u00e9sider en raison de son atmosph\u00e8re accueillante, s\u00fbre et tropicale. L&#8217;\u00eele Maurice est l&#8217;endroit o\u00f9 il faut \u00eatre si vous voulez travailler, prendre votre retraite, investir ou simplement profiter de la vie. Vivre \u00e0 Maurice donnera acc\u00e8s \u00e0 une vari\u00e9t\u00e9 d&#8217;avantages, tels que des politiques fiscales favorables, la stabilit\u00e9 sociale et politique, le multiculturalisme, un service a\u00e9rien \u00e9tendu, et bien d&#8217;autres.<\/span><\/p>\n<p style=\"text-align: justify;\"><span style=\"color: #000000;\">Les visiteurs distingu\u00e9s et les \u00e9trangers sont chaleureusement accueillis \u00e0 Maurice s&#8217;ils souhaitent prolonger le sentiment de bien-\u00eatre qu&#8217;ils tirent de la magnifique mer bleu turquoise, des plages de sable soyeux, des lagons tropicaux, de la verdure luxuriante et de la gentillesse des r\u00e9sidents.<\/span><\/p>\n<p>[\/vc_column_text][\/vc_column][\/vc_row]<\/p>\n","protected":false},"excerpt":{"rendered":"<p>[vc_row full_width=&#8221;stretch_row_content&#8221; css=&#8221;.vc_custom_1659459295966{background-color: #ffffff !important;}&#8221;][vc_column css=&#8221;.vc_custom_1661154451143{padding-top: 0px !important;padding-right: 0px !important;padding-bottom: 0px !important;padding-left: 0px !important;}&#8221;][vc_single_image source=&#8221;external_link&#8221; css=&#8221;.vc_custom_1668353511698{padding-top: 0px !important;padding-right: 0px !important;padding-bottom: 0px !important;padding-left: 0px !important;}&#8221; custom_src=&#8221;https:\/\/meltan.mu\/wp-content\/uploads\/2022\/08\/Mauritius-2.jpg&#8221;][\/vc_column][\/vc_row][vc_row full_width=&#8221;stretch_row_content&#8221; content_placement=&#8221;top&#8221; css=&#8221;.vc_custom_1659965079822{margin-top: 0px !important;padding-right: 20px !important;padding-bottom: 40px !important;padding-left: 20px !important;background-color: #d3d3d3 !important;}&#8221;][vc_column width=&#8221;1\/3&#8243; css=&#8221;.vc_custom_1659965044898{margin-top: 30px !important;}&#8221;][vc_single_image source=&#8221;external_link&#8221; custom_src=&#8221;https:\/\/meltan.mu\/wp-content\/uploads\/2022\/09\/workNresidency.jpg&#8221;][\/vc_column][vc_column width=&#8221;2\/3&#8243; css=&#8221;.vc_custom_1659846955262{margin-top: 30px !important;}&#8221;][vc_column_text css=&#8221;.vc_custom_1669881602521{margin-top: 40px !important;}&#8221;] Vivre \u00e0 l&#8217;\u00eele maurice [&hellip;]<\/p>\n","protected":false},"author":1,"featured_media":0,"parent":0,"menu_order":0,"comment_status":"closed","ping_status":"closed","template":"templates\/full-width.php","meta":{"footnotes":""},"class_list":["post-17546","page","type-page","status-publish","hentry"],"aioseo_notices":[],"_links":{"self":[{"href":"https:\/\/meltan.mu\/index.php\/wp-json\/wp\/v2\/pages\/17546","targetHints":{"allow":["GET"]}}],"collection":[{"href":"https:\/\/meltan.mu\/index.php\/wp-json\/wp\/v2\/pages"}],"about":[{"href":"https:\/\/meltan.mu\/index.php\/wp-json\/wp\/v2\/types\/page"}],"author":[{"embeddable":true,"href":"https:\/\/meltan.mu\/index.php\/wp-json\/wp\/v2\/users\/1"}],"replies":[{"embeddable":true,"href":"https:\/\/meltan.mu\/index.php\/wp-json\/wp\/v2\/comments?post=17546"}],"version-history":[{"count":5,"href":"https:\/\/meltan.mu\/index.php\/wp-json\/wp\/v2\/pages\/17546\/revisions"}],"predecessor-version":[{"id":17570,"href":"https:\/\/meltan.mu\/index.php\/wp-json\/wp\/v2\/pages\/17546\/revisions\/17570"}],"wp:attachment":[{"href":"https:\/\/meltan.mu\/index.php\/wp-json\/wp\/v2\/media?parent=17546"}],"curies":[{"name":"wp","href":"https:\/\/api.w.org\/{rel}","templated":true}]}}