{"id":17403,"date":"2022-09-15T20:11:40","date_gmt":"2022-09-15T16:11:40","guid":{"rendered":"https:\/\/meltan.mu\/?page_id=17403"},"modified":"2022-09-15T20:25:12","modified_gmt":"2022-09-15T16:25:12","slug":"travail-et-de-residence","status":"publish","type":"page","link":"https:\/\/meltan.mu\/index.php\/fr\/travail-et-de-residence\/","title":{"rendered":"Travail et de r\u00e9sidence"},"content":{"rendered":"<p>[vc_row full_width=&#8221;stretch_row_content&#8221; css=&#8221;.vc_custom_1659459295966{background-color: #ffffff !important;}&#8221;][vc_column css=&#8221;.vc_custom_1661155217556{padding-top: 0px !important;padding-right: 0px !important;padding-bottom: 0px !important;padding-left: 0px !important;}&#8221;][vc_single_image source=&#8221;external_link&#8221; css=&#8221;.vc_custom_1662894048087{padding-top: 0px !important;padding-right: 0px !important;padding-bottom: 0px !important;padding-left: 0px !important;}&#8221; custom_src=&#8221;https:\/\/meltan.mu\/wp-content\/uploads\/2022\/08\/Services.jpg&#8221;][\/vc_column][\/vc_row][vc_row full_width=&#8221;stretch_row_content&#8221; content_placement=&#8221;middle&#8221; css=&#8221;.vc_custom_1659849523008{padding-right: 20px !important;padding-bottom: 40px !important;padding-left: 20px !important;background-color: #d3d3d3 !important;}&#8221;][vc_column width=&#8221;2\/3&#8243; css=&#8221;.vc_custom_1659459622027{margin-top: 50px !important;}&#8221;][vc_column_text css=&#8221;.vc_custom_1663258469680{margin-top: 40px !important;}&#8221;]<\/p>\n<h1><span style=\"color: #000000;\">Travail et de r\u00e9sidence<\/span><\/h1>\n<ul>\n<li><span style=\"color: #000000;\">Application pour un permis de travail et de r\u00e9sidence<\/span><\/li>\n<li><span style=\"color: #000000;\">Application pour le permis de r\u00e9sidence et de permis de travail (permis d\u2019occupation) en tant qu&#8217;investisseur, professionnel, travailleur ind\u00e9pendant, retrait\u00e9 et pour les d\u00e9pendants.<\/span><\/li>\n<li><span style=\"color: #000000;\">Application pour un visa premium<\/span><\/li>\n<li><span style=\"color: #000000;\">Application pour un permis de r\u00e9sidence permanente<\/span><\/li>\n<li><span style=\"color: #000000;\">Application pour une demande de nationalit\u00e9 mauricienne<\/span><\/li>\n<li><span style=\"color: #000000;\">Application pour une autorisation d&#8217;acqu\u00e9rir une propri\u00e9t\u00e9 r\u00e9sidentielle par des ressortissants \u00e9trangers<\/span><\/li>\n<li><span style=\"color: #000000;\">Application pour un de permis de r\u00e9sidence pour les acheteurs de biens r\u00e9sidentiels<\/span><\/li>\n<li><span style=\"color: #000000;\">Application pour achat de bien \u00e0 des fins commerciales par des citoyens \u00e9trangers<\/span><\/li>\n<\/ul>\n<p>[\/vc_column_text][\/vc_column][vc_column width=&#8221;1\/3&#8243; css=&#8221;.vc_custom_1659846955262{margin-top: 30px !important;}&#8221;][vc_single_image image=&#8221;17409&#8243; img_size=&#8221;full&#8221;][\/vc_column][\/vc_row]<\/p>\n","protected":false},"excerpt":{"rendered":"<p>[vc_row full_width=&#8221;stretch_row_content&#8221; css=&#8221;.vc_custom_1659459295966{background-color: #ffffff !important;}&#8221;][vc_column css=&#8221;.vc_custom_1661155217556{padding-top: 0px !important;padding-right: 0px !important;padding-bottom: 0px !important;padding-left: 0px !important;}&#8221;][vc_single_image source=&#8221;external_link&#8221; css=&#8221;.vc_custom_1662894048087{padding-top: 0px !important;padding-right: 0px !important;padding-bottom: 0px !important;padding-left: 0px !important;}&#8221; custom_src=&#8221;https:\/\/meltan.mu\/wp-content\/uploads\/2022\/08\/Services.jpg&#8221;][\/vc_column][\/vc_row][vc_row full_width=&#8221;stretch_row_content&#8221; content_placement=&#8221;middle&#8221; css=&#8221;.vc_custom_1659849523008{padding-right: 20px !important;padding-bottom: 40px !important;padding-left: 20px !important;background-color: #d3d3d3 !important;}&#8221;][vc_column width=&#8221;2\/3&#8243; css=&#8221;.vc_custom_1659459622027{margin-top: 50px !important;}&#8221;][vc_column_text css=&#8221;.vc_custom_1663258469680{margin-top: 40px !important;}&#8221;] Travail et de r\u00e9sidence Application pour un permis de travail et de [&hellip;]<\/p>\n","protected":false},"author":1,"featured_media":0,"parent":0,"menu_order":0,"comment_status":"closed","ping_status":"closed","template":"templates\/full-width.php","meta":{"footnotes":""},"class_list":["post-17403","page","type-page","status-publish","hentry"],"aioseo_notices":[],"_links":{"self":[{"href":"https:\/\/meltan.mu\/index.php\/wp-json\/wp\/v2\/pages\/17403","targetHints":{"allow":["GET"]}}],"collection":[{"href":"https:\/\/meltan.mu\/index.php\/wp-json\/wp\/v2\/pages"}],"about":[{"href":"https:\/\/meltan.mu\/index.php\/wp-json\/wp\/v2\/types\/page"}],"author":[{"embeddable":true,"href":"https:\/\/meltan.mu\/index.php\/wp-json\/wp\/v2\/users\/1"}],"replies":[{"embeddable":true,"href":"https:\/\/meltan.mu\/index.php\/wp-json\/wp\/v2\/comments?post=17403"}],"version-history":[{"count":4,"href":"https:\/\/meltan.mu\/index.php\/wp-json\/wp\/v2\/pages\/17403\/revisions"}],"predecessor-version":[{"id":17411,"href":"https:\/\/meltan.mu\/index.php\/wp-json\/wp\/v2\/pages\/17403\/revisions\/17411"}],"wp:attachment":[{"href":"https:\/\/meltan.mu\/index.php\/wp-json\/wp\/v2\/media?parent=17403"}],"curies":[{"name":"wp","href":"https:\/\/api.w.org\/{rel}","templated":true}]}}