{"id":17393,"date":"2022-09-15T19:43:28","date_gmt":"2022-09-15T15:43:28","guid":{"rendered":"https:\/\/meltan.mu\/?page_id=17393"},"modified":"2022-09-15T19:44:36","modified_gmt":"2022-09-15T15:44:36","slug":"pds-senior-living","status":"publish","type":"page","link":"https:\/\/meltan.mu\/index.php\/fr\/pds-senior-living\/","title":{"rendered":"PDS Senior Living"},"content":{"rendered":"<p>[vc_row full_width=&#8221;stretch_row_content&#8221; css=&#8221;.vc_custom_1659459295966{background-color: #ffffff !important;}&#8221;][vc_column css=&#8221;.vc_custom_1661154767286{padding-top: 0px !important;padding-right: 0px !important;padding-bottom: 0px !important;padding-left: 0px !important;}&#8221;][vc_single_image source=&#8221;external_link&#8221; css=&#8221;.vc_custom_1663256628210{padding-top: 0px !important;padding-right: 0px !important;padding-bottom: 0px !important;padding-left: 0px !important;}&#8221; custom_src=&#8221;https:\/\/meltan.mu\/wp-content\/uploads\/2022\/08\/Acquire.jpg&#8221;][\/vc_column][\/vc_row][vc_row full_width=&#8221;stretch_row_content&#8221; content_placement=&#8221;top&#8221; css=&#8221;.vc_custom_1659965079822{margin-top: 0px !important;padding-right: 20px !important;padding-bottom: 40px !important;padding-left: 20px !important;background-color: #d3d3d3 !important;}&#8221;][vc_column width=&#8221;1\/3&#8243; css=&#8221;.vc_custom_1659965044898{margin-top: 30px !important;}&#8221;][vc_single_image source=&#8221;external_link&#8221; custom_src=&#8221;https:\/\/meltan.mu\/wp-content\/uploads\/2022\/08\/pds-senior-living.jpg&#8221;][\/vc_column][vc_column width=&#8221;2\/3&#8243; css=&#8221;.vc_custom_1659846955262{margin-top: 30px !important;}&#8221;][vc_column_text css=&#8221;.vc_custom_1663256673680{margin-top: 40px !important;}&#8221;]<\/p>\n<h1 style=\"text-align: justify;\"><span style=\"color: #000000;\"><strong>PDS Senior Living<\/strong><\/span><\/h1>\n<p style=\"text-align: justify;\"><span style=\"color: #000000;\">L&#8217;\u00eele Maurice b\u00e9n\u00e9ficie d&#8217;un climat chaud et propice pendant 8 mois par an, d&#8217;un environnement paisible et harmonieux, d&#8217;une infrastructure en constante am\u00e9lioration et d&#8217;un co\u00fbt de la vie comp\u00e9titif, ce qui en fait un endroit remarquable pour la retraite.<\/span><\/p>\n<p style=\"text-align: justify;\"><span style=\"color: #000000;\">Les projets d\u00e9velopp\u00e9s dans le cadre de ce programme (PDS for Senior Living) font essentiellement r\u00e9f\u00e9rence \u00e0 des logements destin\u00e9s aux adultes de plus de 50 ans qui souhaitent vivre de mani\u00e8re ind\u00e9pendante dans un environnement de pairs, et proposent des installations pour les loisirs et la socialisation, notamment un clubhouse, un club de sant\u00e9 ou une salle de sport, des services de gestion des installations, ax\u00e9s sur les besoins des personnes \u00e2g\u00e9es.<\/span><\/p>\n<p style=\"text-align: justify;\"><span style=\"color: #000000;\">Un retrait\u00e9 non citoyen, c&#8217;est-\u00e0-dire \u00e2g\u00e9 de plus de 50 ans, peut acqu\u00e9rir une unit\u00e9 r\u00e9sidentielle ou les droits viagers relatifs \u00e0 une unit\u00e9 r\u00e9sidentielle dans un projet approuv\u00e9.<\/span><\/p>\n<p style=\"text-align: justify;\"><span style=\"color: #000000;\">Il n&#8217;y a pas de prix minimum d&#8217;acquisition et le non-citoyen peut choisir de demander un permis de s\u00e9jour pour lui-m\u00eame et son conjoint ou son concubin jusqu&#8217;\u00e0 ce que la propri\u00e9t\u00e9 ne soit plus d\u00e9tenue ou occup\u00e9e par le retrait\u00e9.<\/span><\/p>\n<p>[\/vc_column_text][\/vc_column][\/vc_row]<\/p>\n","protected":false},"excerpt":{"rendered":"<p>[vc_row full_width=&#8221;stretch_row_content&#8221; css=&#8221;.vc_custom_1659459295966{background-color: #ffffff !important;}&#8221;][vc_column css=&#8221;.vc_custom_1661154767286{padding-top: 0px !important;padding-right: 0px !important;padding-bottom: 0px !important;padding-left: 0px !important;}&#8221;][vc_single_image source=&#8221;external_link&#8221; css=&#8221;.vc_custom_1663256628210{padding-top: 0px !important;padding-right: 0px !important;padding-bottom: 0px !important;padding-left: 0px !important;}&#8221; custom_src=&#8221;https:\/\/meltan.mu\/wp-content\/uploads\/2022\/08\/Acquire.jpg&#8221;][\/vc_column][\/vc_row][vc_row full_width=&#8221;stretch_row_content&#8221; content_placement=&#8221;top&#8221; css=&#8221;.vc_custom_1659965079822{margin-top: 0px !important;padding-right: 20px !important;padding-bottom: 40px !important;padding-left: 20px !important;background-color: #d3d3d3 !important;}&#8221;][vc_column width=&#8221;1\/3&#8243; css=&#8221;.vc_custom_1659965044898{margin-top: 30px !important;}&#8221;][vc_single_image source=&#8221;external_link&#8221; custom_src=&#8221;https:\/\/meltan.mu\/wp-content\/uploads\/2022\/08\/pds-senior-living.jpg&#8221;][\/vc_column][vc_column width=&#8221;2\/3&#8243; css=&#8221;.vc_custom_1659846955262{margin-top: 30px !important;}&#8221;][vc_column_text css=&#8221;.vc_custom_1663256673680{margin-top: 40px !important;}&#8221;] PDS Senior Living L&#8217;\u00eele [&hellip;]<\/p>\n","protected":false},"author":1,"featured_media":0,"parent":0,"menu_order":0,"comment_status":"closed","ping_status":"closed","template":"templates\/full-width.php","meta":{"footnotes":""},"class_list":["post-17393","page","type-page","status-publish","hentry"],"aioseo_notices":[],"_links":{"self":[{"href":"https:\/\/meltan.mu\/index.php\/wp-json\/wp\/v2\/pages\/17393","targetHints":{"allow":["GET"]}}],"collection":[{"href":"https:\/\/meltan.mu\/index.php\/wp-json\/wp\/v2\/pages"}],"about":[{"href":"https:\/\/meltan.mu\/index.php\/wp-json\/wp\/v2\/types\/page"}],"author":[{"embeddable":true,"href":"https:\/\/meltan.mu\/index.php\/wp-json\/wp\/v2\/users\/1"}],"replies":[{"embeddable":true,"href":"https:\/\/meltan.mu\/index.php\/wp-json\/wp\/v2\/comments?post=17393"}],"version-history":[{"count":3,"href":"https:\/\/meltan.mu\/index.php\/wp-json\/wp\/v2\/pages\/17393\/revisions"}],"predecessor-version":[{"id":17396,"href":"https:\/\/meltan.mu\/index.php\/wp-json\/wp\/v2\/pages\/17393\/revisions\/17396"}],"wp:attachment":[{"href":"https:\/\/meltan.mu\/index.php\/wp-json\/wp\/v2\/media?parent=17393"}],"curies":[{"name":"wp","href":"https:\/\/api.w.org\/{rel}","templated":true}]}}