{"id":17380,"date":"2022-09-15T19:37:54","date_gmt":"2022-09-15T15:37:54","guid":{"rendered":"https:\/\/meltan.mu\/?page_id=17380"},"modified":"2022-09-15T19:39:09","modified_gmt":"2022-09-15T15:39:09","slug":"le-programme-smart-city","status":"publish","type":"page","link":"https:\/\/meltan.mu\/index.php\/fr\/le-programme-smart-city\/","title":{"rendered":"Le programme Smart City"},"content":{"rendered":"<p>[vc_row full_width=&#8221;stretch_row_content&#8221; css=&#8221;.vc_custom_1659459295966{background-color: #ffffff !important;}&#8221;][vc_column css=&#8221;.vc_custom_1661155113744{padding-top: 0px !important;padding-right: 0px !important;padding-bottom: 0px !important;padding-left: 0px !important;}&#8221;][vc_single_image source=&#8221;external_link&#8221; css=&#8221;.vc_custom_1663256294437{padding-top: 0px !important;padding-right: 0px !important;padding-bottom: 0px !important;padding-left: 0px !important;}&#8221; custom_src=&#8221;https:\/\/meltan.mu\/wp-content\/uploads\/2022\/08\/Acquire.jpg&#8221;][\/vc_column][\/vc_row][vc_row full_width=&#8221;stretch_row_content&#8221; content_placement=&#8221;top&#8221; css=&#8221;.vc_custom_1659965079822{margin-top: 0px !important;padding-right: 20px !important;padding-bottom: 40px !important;padding-left: 20px !important;background-color: #d3d3d3 !important;}&#8221;][vc_column width=&#8221;1\/3&#8243; css=&#8221;.vc_custom_1659965044898{margin-top: 30px !important;}&#8221;][vc_single_image source=&#8221;external_link&#8221; custom_src=&#8221;https:\/\/meltan.mu\/wp-content\/uploads\/2022\/08\/smart-city-1.jpg&#8221;][\/vc_column][vc_column width=&#8221;2\/3&#8243; css=&#8221;.vc_custom_1659846955262{margin-top: 30px !important;}&#8221;][vc_column_text css=&#8221;.vc_custom_1663256345931{margin-top: 40px !important;}&#8221;]<\/p>\n<h1 style=\"text-align: justify;\"><span style=\"color: #000000;\"><strong>Le programme Smart City<\/strong><\/span><\/h1>\n<p style=\"text-align: justify;\"><span style=\"color: #000000;\">Les Smart Cities, qui s&#8217;articulent autour du concept de travail, de r\u00e9sidence et de loisirs, sont des d\u00e9veloppements \u00e0 usage mixte \u00e0 grande \u00e9chelle dans des conurbations cosmopolites, avec des technologies intelligentes et des innovations pionni\u00e8res au c\u0153ur de ces d\u00e9veloppements. Les programmes r\u00e9sidentiels sont parties prenantes dans un masterplan int\u00e9gr\u00e9 qui encourage un style de vie durable, avec beaucoup d&#8217;espace et d&#8217;opportunit\u00e9s pour les entreprises ax\u00e9es sur l&#8217;innovation et de nombreux \u00e9quipements de loisirs, tout en vivant \u00e0 c\u00f4t\u00e9.<\/span><\/p>\n<p style=\"text-align: justify;\"><span style=\"color: #000000;\">Un non-citoyen peut acqu\u00e9rir une unit\u00e9 r\u00e9sidentielle, qu&#8217;il s&#8217;agisse d&#8217;une maison de ville, d&#8217;une villa, d&#8217;un appartement, d&#8217;un penthouse ou d&#8217;un duplex, dans n&#8217;importe laquelle des villes intelligentes. Les non-ressortissants titulaires d&#8217;un permis de r\u00e9sidence, d&#8217;un permis d&#8217;occupation ou d&#8217;un permis de r\u00e9sidence permanente peuvent \u00e9galement acqu\u00e9rir une parcelle de terrain viabilis\u00e9 d&#8217;une superficie de 2 100 m2 dans le but de construire une r\u00e9sidence, dans un lotissement r\u00e9sidentiel situ\u00e9 dans une ville intelligente, approuv\u00e9 par l&#8217;EDB. L&#8217;acquisition doit \u00eatre effectu\u00e9e au plus tard le 30 juin 2022.<\/span><\/p>\n<p style=\"text-align: justify;\"><span style=\"color: #000000;\">Si l&#8217;acquisition de la propri\u00e9t\u00e9 r\u00e9sidentielle est effectu\u00e9e pour un montant minimum de 375 000 USD, le non-ressortissant peut obtenir un permis de s\u00e9jour.<\/span><\/p>\n<p>[\/vc_column_text][\/vc_column][\/vc_row]<\/p>\n","protected":false},"excerpt":{"rendered":"<p>[vc_row full_width=&#8221;stretch_row_content&#8221; css=&#8221;.vc_custom_1659459295966{background-color: #ffffff !important;}&#8221;][vc_column css=&#8221;.vc_custom_1661155113744{padding-top: 0px !important;padding-right: 0px !important;padding-bottom: 0px !important;padding-left: 0px !important;}&#8221;][vc_single_image source=&#8221;external_link&#8221; css=&#8221;.vc_custom_1663256294437{padding-top: 0px !important;padding-right: 0px !important;padding-bottom: 0px !important;padding-left: 0px !important;}&#8221; custom_src=&#8221;https:\/\/meltan.mu\/wp-content\/uploads\/2022\/08\/Acquire.jpg&#8221;][\/vc_column][\/vc_row][vc_row full_width=&#8221;stretch_row_content&#8221; content_placement=&#8221;top&#8221; css=&#8221;.vc_custom_1659965079822{margin-top: 0px !important;padding-right: 20px !important;padding-bottom: 40px !important;padding-left: 20px !important;background-color: #d3d3d3 !important;}&#8221;][vc_column width=&#8221;1\/3&#8243; css=&#8221;.vc_custom_1659965044898{margin-top: 30px !important;}&#8221;][vc_single_image source=&#8221;external_link&#8221; custom_src=&#8221;https:\/\/meltan.mu\/wp-content\/uploads\/2022\/08\/smart-city-1.jpg&#8221;][\/vc_column][vc_column width=&#8221;2\/3&#8243; css=&#8221;.vc_custom_1659846955262{margin-top: 30px !important;}&#8221;][vc_column_text css=&#8221;.vc_custom_1663256345931{margin-top: 40px !important;}&#8221;] Le programme Smart City [&hellip;]<\/p>\n","protected":false},"author":1,"featured_media":0,"parent":0,"menu_order":0,"comment_status":"closed","ping_status":"closed","template":"templates\/full-width.php","meta":{"footnotes":""},"class_list":["post-17380","page","type-page","status-publish","hentry"],"aioseo_notices":[],"_links":{"self":[{"href":"https:\/\/meltan.mu\/index.php\/wp-json\/wp\/v2\/pages\/17380","targetHints":{"allow":["GET"]}}],"collection":[{"href":"https:\/\/meltan.mu\/index.php\/wp-json\/wp\/v2\/pages"}],"about":[{"href":"https:\/\/meltan.mu\/index.php\/wp-json\/wp\/v2\/types\/page"}],"author":[{"embeddable":true,"href":"https:\/\/meltan.mu\/index.php\/wp-json\/wp\/v2\/users\/1"}],"replies":[{"embeddable":true,"href":"https:\/\/meltan.mu\/index.php\/wp-json\/wp\/v2\/comments?post=17380"}],"version-history":[{"count":3,"href":"https:\/\/meltan.mu\/index.php\/wp-json\/wp\/v2\/pages\/17380\/revisions"}],"predecessor-version":[{"id":17383,"href":"https:\/\/meltan.mu\/index.php\/wp-json\/wp\/v2\/pages\/17380\/revisions\/17383"}],"wp:attachment":[{"href":"https:\/\/meltan.mu\/index.php\/wp-json\/wp\/v2\/media?parent=17380"}],"curies":[{"name":"wp","href":"https:\/\/api.w.org\/{rel}","templated":true}]}}