{"id":17376,"date":"2022-09-15T19:35:30","date_gmt":"2022-09-15T15:35:30","guid":{"rendered":"https:\/\/meltan.mu\/?page_id=17376"},"modified":"2022-09-15T19:36:45","modified_gmt":"2022-09-15T15:36:45","slug":"invest-hotel-scheme-ihs","status":"publish","type":"page","link":"https:\/\/meltan.mu\/index.php\/fr\/invest-hotel-scheme-ihs\/","title":{"rendered":"Invest Hotel Scheme (IHS)"},"content":{"rendered":"<p>[vc_row full_width=&#8221;stretch_row_content&#8221; css=&#8221;.vc_custom_1659459295966{background-color: #ffffff !important;}&#8221;][vc_column css=&#8221;.vc_custom_1661154571344{padding-top: 0px !important;padding-right: 0px !important;padding-bottom: 0px !important;padding-left: 0px !important;}&#8221;][vc_single_image source=&#8221;external_link&#8221; css=&#8221;.vc_custom_1663256151410{padding-top: 0px !important;padding-right: 0px !important;padding-bottom: 0px !important;padding-left: 0px !important;}&#8221; custom_src=&#8221;https:\/\/meltan.mu\/wp-content\/uploads\/2022\/08\/Acquire.jpg&#8221;][\/vc_column][\/vc_row][vc_row full_width=&#8221;stretch_row_content&#8221; content_placement=&#8221;top&#8221; css=&#8221;.vc_custom_1659965079822{margin-top: 0px !important;padding-right: 20px !important;padding-bottom: 40px !important;padding-left: 20px !important;background-color: #d3d3d3 !important;}&#8221;][vc_column width=&#8221;1\/3&#8243; css=&#8221;.vc_custom_1659965044898{margin-top: 30px !important;}&#8221;][vc_single_image source=&#8221;external_link&#8221; custom_src=&#8221;https:\/\/meltan.mu\/wp-content\/uploads\/2022\/08\/IHS-1.jpg&#8221;][\/vc_column][vc_column width=&#8221;2\/3&#8243; css=&#8221;.vc_custom_1659846955262{margin-top: 30px !important;}&#8221;][vc_column_text css=&#8221;.vc_custom_1663256202585{margin-top: 40px !important;}&#8221;]<\/p>\n<h1 style=\"text-align: justify;\"><span style=\"color: #000000;\"><strong>Invest Hotel Scheme (IHS)<\/strong><\/span><\/h1>\n<p style=\"text-align: justify;\"><span style=\"color: #000000;\">L&#8217;Invest Hotel Scheme permet \u00e0 un investisseur non citoyen et \u00e0 des clients individuels de devenir propri\u00e9taire d&#8217;unit\u00e9s h\u00f4teli\u00e8res exclusives situ\u00e9es \u00e0 Maurice.<\/span><\/p>\n<p style=\"text-align: justify;\"><span style=\"color: #000000;\">Un non-citoyen peut acqu\u00e9rir une chambre (ou une unit\u00e9 h\u00f4teli\u00e8re) dans des h\u00f4tels nouveaux ou existants approuv\u00e9s dans le cadre de l&#8217;IHS. Le propri\u00e9taire b\u00e9n\u00e9ficie ainsi d&#8217;un acc\u00e8s privil\u00e9gi\u00e9 \u00e0 toutes les installations d&#8217;un ou de plusieurs h\u00f4tels de vill\u00e9giature de luxe meubl\u00e9s de fa\u00e7on exquise et dot\u00e9s d&#8217;\u00e9quipements tels que des services de restauration, des spas et des centres de remise en forme enti\u00e8rement \u00e9quip\u00e9s, des piscines de style resort.<\/span><\/p>\n<p style=\"text-align: justify;\"><span style=\"color: #000000;\">Le propri\u00e9taire de l&#8217;unit\u00e9 ou toute personne en son nom peut utiliser cette unit\u00e9 pour un total de 45 jours sur une p\u00e9riode de 12 mois et peut \u00e9galement tirer un revenu gr\u00e2ce au mod\u00e8le de location.<\/span><\/p>\n<p style=\"text-align: justify;\"><span style=\"color: #000000;\">Si l&#8217;unit\u00e9\/chambre est acquise pour un montant minimum de 375 000 USD, le propri\u00e9taire pourra b\u00e9n\u00e9ficier d&#8217;un permis de s\u00e9jour.<\/span><\/p>\n<p>[\/vc_column_text][\/vc_column][\/vc_row]<\/p>\n","protected":false},"excerpt":{"rendered":"<p>[vc_row full_width=&#8221;stretch_row_content&#8221; css=&#8221;.vc_custom_1659459295966{background-color: #ffffff !important;}&#8221;][vc_column css=&#8221;.vc_custom_1661154571344{padding-top: 0px !important;padding-right: 0px !important;padding-bottom: 0px !important;padding-left: 0px !important;}&#8221;][vc_single_image source=&#8221;external_link&#8221; css=&#8221;.vc_custom_1663256151410{padding-top: 0px !important;padding-right: 0px !important;padding-bottom: 0px !important;padding-left: 0px !important;}&#8221; custom_src=&#8221;https:\/\/meltan.mu\/wp-content\/uploads\/2022\/08\/Acquire.jpg&#8221;][\/vc_column][\/vc_row][vc_row full_width=&#8221;stretch_row_content&#8221; content_placement=&#8221;top&#8221; css=&#8221;.vc_custom_1659965079822{margin-top: 0px !important;padding-right: 20px !important;padding-bottom: 40px !important;padding-left: 20px !important;background-color: #d3d3d3 !important;}&#8221;][vc_column width=&#8221;1\/3&#8243; css=&#8221;.vc_custom_1659965044898{margin-top: 30px !important;}&#8221;][vc_single_image source=&#8221;external_link&#8221; custom_src=&#8221;https:\/\/meltan.mu\/wp-content\/uploads\/2022\/08\/IHS-1.jpg&#8221;][\/vc_column][vc_column width=&#8221;2\/3&#8243; css=&#8221;.vc_custom_1659846955262{margin-top: 30px !important;}&#8221;][vc_column_text css=&#8221;.vc_custom_1663256202585{margin-top: 40px !important;}&#8221;] Invest Hotel Scheme (IHS) [&hellip;]<\/p>\n","protected":false},"author":1,"featured_media":0,"parent":0,"menu_order":0,"comment_status":"closed","ping_status":"closed","template":"templates\/full-width.php","meta":{"footnotes":""},"class_list":["post-17376","page","type-page","status-publish","hentry"],"aioseo_notices":[],"_links":{"self":[{"href":"https:\/\/meltan.mu\/index.php\/wp-json\/wp\/v2\/pages\/17376","targetHints":{"allow":["GET"]}}],"collection":[{"href":"https:\/\/meltan.mu\/index.php\/wp-json\/wp\/v2\/pages"}],"about":[{"href":"https:\/\/meltan.mu\/index.php\/wp-json\/wp\/v2\/types\/page"}],"author":[{"embeddable":true,"href":"https:\/\/meltan.mu\/index.php\/wp-json\/wp\/v2\/users\/1"}],"replies":[{"embeddable":true,"href":"https:\/\/meltan.mu\/index.php\/wp-json\/wp\/v2\/comments?post=17376"}],"version-history":[{"count":3,"href":"https:\/\/meltan.mu\/index.php\/wp-json\/wp\/v2\/pages\/17376\/revisions"}],"predecessor-version":[{"id":17379,"href":"https:\/\/meltan.mu\/index.php\/wp-json\/wp\/v2\/pages\/17376\/revisions\/17379"}],"wp:attachment":[{"href":"https:\/\/meltan.mu\/index.php\/wp-json\/wp\/v2\/media?parent=17376"}],"curies":[{"name":"wp","href":"https:\/\/api.w.org\/{rel}","templated":true}]}}