{"id":17367,"date":"2022-09-15T19:29:54","date_gmt":"2022-09-15T15:29:54","guid":{"rendered":"https:\/\/meltan.mu\/?page_id=17367"},"modified":"2022-09-15T19:31:28","modified_gmt":"2022-09-15T15:31:28","slug":"projet-immobilier-real-estate-scheme-res","status":"publish","type":"page","link":"https:\/\/meltan.mu\/index.php\/fr\/projet-immobilier-real-estate-scheme-res\/","title":{"rendered":"Projet immobilier Real Estate Scheme (RES)"},"content":{"rendered":"<p>[vc_row full_width=&#8221;stretch_row_content&#8221; css=&#8221;.vc_custom_1659459295966{background-color: #ffffff !important;}&#8221;][vc_column css=&#8221;.vc_custom_1661154920115{padding-top: 0px !important;padding-right: 0px !important;padding-bottom: 0px !important;padding-left: 0px !important;}&#8221;][vc_single_image source=&#8221;external_link&#8221; css=&#8221;.vc_custom_1663255828981{padding-top: 0px !important;padding-right: 0px !important;padding-bottom: 0px !important;padding-left: 0px !important;}&#8221; custom_src=&#8221;https:\/\/meltan.mu\/wp-content\/uploads\/2022\/08\/Acquire.jpg&#8221;][\/vc_column][\/vc_row][vc_row full_width=&#8221;stretch_row_content&#8221; content_placement=&#8221;top&#8221; css=&#8221;.vc_custom_1659965079822{margin-top: 0px !important;padding-right: 20px !important;padding-bottom: 40px !important;padding-left: 20px !important;background-color: #d3d3d3 !important;}&#8221;][vc_column width=&#8221;1\/3&#8243; css=&#8221;.vc_custom_1659965044898{margin-top: 30px !important;}&#8221;][vc_single_image source=&#8221;external_link&#8221; custom_src=&#8221;https:\/\/meltan.mu\/wp-content\/uploads\/2022\/08\/res-1.jpg&#8221;][\/vc_column][vc_column width=&#8221;2\/3&#8243; css=&#8221;.vc_custom_1659846955262{margin-top: 30px !important;}&#8221;][vc_column_text css=&#8221;.vc_custom_1663255884516{margin-top: 40px !important;}&#8221;]<\/p>\n<h1 style=\"text-align: justify;\"><span style=\"color: #000000;\"><strong>Projet immobilier Real Estate Scheme (RES)<\/strong><\/span><\/h1>\n<p style=\"text-align: justify;\"><span style=\"color: #000000;\">Les projets RES proposent diff\u00e9rents types de r\u00e9sidences (villas, penthouses, duplex, appartements) situ\u00e9s dans des programmes r\u00e9sidentiels exclusifs, bien que plus petits.<\/span><\/p>\n<p style=\"text-align: justify;\"><span style=\"color: #000000;\">Un non citoyen peut acqu\u00e9rir une propri\u00e9t\u00e9 r\u00e9sidentielle dans les projets RES existants et sera \u00e9ligible pour un permis de r\u00e9sidence pour lui-m\u00eame et ses d\u00e9pendants s&#8217;il a investi un montant minimum de 375 000 USD pour acqu\u00e9rir la propri\u00e9t\u00e9. Les propri\u00e9taires peuvent louer le bien, devenir r\u00e9sidents fiscaux \u00e0 l&#8217;\u00eele Maurice et ne subir aucune restriction quant au rapatriement des fonds ou des revenus tir\u00e9s de la vente ou de la location du bien<\/span><\/p>\n<p style=\"text-align: justify;\"><span style=\"color: #000000;\">Les non-ressortissants qui ont un permis de r\u00e9sidence dans le cadre du RES seront exempt\u00e9s d&#8217;un permis d&#8217;occupation ou de travail pour investir et travailler \u00e0 Maurice.<\/span><\/p>\n<p>[\/vc_column_text][\/vc_column][\/vc_row]<\/p>\n","protected":false},"excerpt":{"rendered":"<p>[vc_row full_width=&#8221;stretch_row_content&#8221; css=&#8221;.vc_custom_1659459295966{background-color: #ffffff !important;}&#8221;][vc_column css=&#8221;.vc_custom_1661154920115{padding-top: 0px !important;padding-right: 0px !important;padding-bottom: 0px !important;padding-left: 0px !important;}&#8221;][vc_single_image source=&#8221;external_link&#8221; css=&#8221;.vc_custom_1663255828981{padding-top: 0px !important;padding-right: 0px !important;padding-bottom: 0px !important;padding-left: 0px !important;}&#8221; custom_src=&#8221;https:\/\/meltan.mu\/wp-content\/uploads\/2022\/08\/Acquire.jpg&#8221;][\/vc_column][\/vc_row][vc_row full_width=&#8221;stretch_row_content&#8221; content_placement=&#8221;top&#8221; css=&#8221;.vc_custom_1659965079822{margin-top: 0px !important;padding-right: 20px !important;padding-bottom: 40px !important;padding-left: 20px !important;background-color: #d3d3d3 !important;}&#8221;][vc_column width=&#8221;1\/3&#8243; css=&#8221;.vc_custom_1659965044898{margin-top: 30px !important;}&#8221;][vc_single_image source=&#8221;external_link&#8221; custom_src=&#8221;https:\/\/meltan.mu\/wp-content\/uploads\/2022\/08\/res-1.jpg&#8221;][\/vc_column][vc_column width=&#8221;2\/3&#8243; css=&#8221;.vc_custom_1659846955262{margin-top: 30px !important;}&#8221;][vc_column_text css=&#8221;.vc_custom_1663255884516{margin-top: 40px !important;}&#8221;] Projet immobilier Real Estate [&hellip;]<\/p>\n","protected":false},"author":1,"featured_media":0,"parent":0,"menu_order":0,"comment_status":"closed","ping_status":"closed","template":"templates\/full-width.php","meta":{"footnotes":""},"class_list":["post-17367","page","type-page","status-publish","hentry"],"aioseo_notices":[],"_links":{"self":[{"href":"https:\/\/meltan.mu\/index.php\/wp-json\/wp\/v2\/pages\/17367","targetHints":{"allow":["GET"]}}],"collection":[{"href":"https:\/\/meltan.mu\/index.php\/wp-json\/wp\/v2\/pages"}],"about":[{"href":"https:\/\/meltan.mu\/index.php\/wp-json\/wp\/v2\/types\/page"}],"author":[{"embeddable":true,"href":"https:\/\/meltan.mu\/index.php\/wp-json\/wp\/v2\/users\/1"}],"replies":[{"embeddable":true,"href":"https:\/\/meltan.mu\/index.php\/wp-json\/wp\/v2\/comments?post=17367"}],"version-history":[{"count":3,"href":"https:\/\/meltan.mu\/index.php\/wp-json\/wp\/v2\/pages\/17367\/revisions"}],"predecessor-version":[{"id":17370,"href":"https:\/\/meltan.mu\/index.php\/wp-json\/wp\/v2\/pages\/17367\/revisions\/17370"}],"wp:attachment":[{"href":"https:\/\/meltan.mu\/index.php\/wp-json\/wp\/v2\/media?parent=17367"}],"curies":[{"name":"wp","href":"https:\/\/api.w.org\/{rel}","templated":true}]}}