{"id":17362,"date":"2022-09-15T19:21:39","date_gmt":"2022-09-15T15:21:39","guid":{"rendered":"https:\/\/meltan.mu\/?page_id=17362"},"modified":"2022-09-15T19:26:06","modified_gmt":"2022-09-15T15:26:06","slug":"programme-integrated-resort-scheme-irs","status":"publish","type":"page","link":"https:\/\/meltan.mu\/index.php\/fr\/programme-integrated-resort-scheme-irs\/","title":{"rendered":"Programme Integrated Resort Scheme (IRS)"},"content":{"rendered":"<p>[vc_row full_width=&#8221;stretch_row_content&#8221; css=&#8221;.vc_custom_1659459295966{background-color: #ffffff !important;}&#8221;][vc_column css=&#8221;.vc_custom_1661154536126{padding-top: 0px !important;padding-right: 0px !important;padding-bottom: 0px !important;padding-left: 0px !important;}&#8221;][vc_single_image source=&#8221;external_link&#8221; css=&#8221;.vc_custom_1663255335172{padding-top: 0px !important;padding-right: 0px !important;padding-bottom: 0px !important;padding-left: 0px !important;}&#8221; custom_src=&#8221;https:\/\/meltan.mu\/wp-content\/uploads\/2022\/08\/Acquire.jpg&#8221;][\/vc_column][\/vc_row][vc_row full_width=&#8221;stretch_row_content&#8221; content_placement=&#8221;top&#8221; css=&#8221;.vc_custom_1659965079822{margin-top: 0px !important;padding-right: 20px !important;padding-bottom: 40px !important;padding-left: 20px !important;background-color: #d3d3d3 !important;}&#8221;][vc_column width=&#8221;1\/3&#8243; css=&#8221;.vc_custom_1659965044898{margin-top: 30px !important;}&#8221;][vc_single_image source=&#8221;external_link&#8221; custom_src=&#8221;https:\/\/meltan.mu\/wp-content\/uploads\/2022\/08\/irs-1.jpg&#8221;][\/vc_column][vc_column width=&#8221;2\/3&#8243; css=&#8221;.vc_custom_1659846955262{margin-top: 30px !important;}&#8221;][vc_column_text css=&#8221;.vc_custom_1663255560562{margin-top: 40px !important;}&#8221;]<\/p>\n<h1 style=\"text-align: justify;\"><span style=\"color: #000000;\"><strong>Programme Integrated Resort Scheme (IRS)<\/strong><\/span><\/h1>\n<p style=\"text-align: justify;\"><span style=\"color: #000000;\">Les programmes r\u00e9sidentiels d\u00e9velopp\u00e9s dans le cadre de l&#8217;IRS offrent une grande vari\u00e9t\u00e9 de facilit\u00e9es de classe mondiale pour les loisirs, le divertissement et le bien-\u00eatre, tels que des terrains de golf, des marinas, des clubs de plage, des pavillons et des spas qui entourent les r\u00e9sidences et offrent une exp\u00e9rience de luxe exclusive.<\/span><\/p>\n<p style=\"text-align: justify;\"><span style=\"color: #000000;\">Un \u00e9tranger peut acqu\u00e9rir des propri\u00e9t\u00e9s r\u00e9sidentielles telles que des villas, des maisons de ville, des penthouses, des appartements, des duplex et des terrains viabilis\u00e9s dans des projets IRS existants.<\/span><\/p>\n<p style=\"text-align: justify;\"><span style=\"color: #000000;\">Le non-ressortissant et les personnes \u00e0 sa charge peuvent obtenir un permis de s\u00e9jour lorsqu&#8217;ils ont acquis la propri\u00e9t\u00e9 pour un montant minimum de 375 000 USD. Les propri\u00e9taires peuvent louer le bien, devenir r\u00e9sidents fiscaux \u00e0 l&#8217;\u00eele Maurice et ne subir aucune restriction quant au rapatriement des fonds ou des revenus tir\u00e9s de la vente ou de la location du bien.<\/span><\/p>\n<p style=\"text-align: justify;\"><span style=\"color: #000000;\">Les non-ressortissants qui ont un permis de r\u00e9sidence dans le cadre de l&#8217;IRS seront exempt\u00e9s d&#8217;un permis d&#8217;occupation ou de travail pour investir et travailler \u00e0 Maurice.<\/span><\/p>\n<p>[\/vc_column_text][\/vc_column][\/vc_row]<\/p>\n","protected":false},"excerpt":{"rendered":"<p>[vc_row full_width=&#8221;stretch_row_content&#8221; css=&#8221;.vc_custom_1659459295966{background-color: #ffffff !important;}&#8221;][vc_column css=&#8221;.vc_custom_1661154536126{padding-top: 0px !important;padding-right: 0px !important;padding-bottom: 0px !important;padding-left: 0px !important;}&#8221;][vc_single_image source=&#8221;external_link&#8221; css=&#8221;.vc_custom_1663255335172{padding-top: 0px !important;padding-right: 0px !important;padding-bottom: 0px !important;padding-left: 0px !important;}&#8221; custom_src=&#8221;https:\/\/meltan.mu\/wp-content\/uploads\/2022\/08\/Acquire.jpg&#8221;][\/vc_column][\/vc_row][vc_row full_width=&#8221;stretch_row_content&#8221; content_placement=&#8221;top&#8221; css=&#8221;.vc_custom_1659965079822{margin-top: 0px !important;padding-right: 20px !important;padding-bottom: 40px !important;padding-left: 20px !important;background-color: #d3d3d3 !important;}&#8221;][vc_column width=&#8221;1\/3&#8243; css=&#8221;.vc_custom_1659965044898{margin-top: 30px !important;}&#8221;][vc_single_image source=&#8221;external_link&#8221; custom_src=&#8221;https:\/\/meltan.mu\/wp-content\/uploads\/2022\/08\/irs-1.jpg&#8221;][\/vc_column][vc_column width=&#8221;2\/3&#8243; css=&#8221;.vc_custom_1659846955262{margin-top: 30px !important;}&#8221;][vc_column_text css=&#8221;.vc_custom_1663255560562{margin-top: 40px !important;}&#8221;] Programme Integrated Resort Scheme [&hellip;]<\/p>\n","protected":false},"author":1,"featured_media":0,"parent":0,"menu_order":0,"comment_status":"closed","ping_status":"closed","template":"templates\/full-width.php","meta":{"footnotes":""},"class_list":["post-17362","page","type-page","status-publish","hentry"],"aioseo_notices":[],"_links":{"self":[{"href":"https:\/\/meltan.mu\/index.php\/wp-json\/wp\/v2\/pages\/17362","targetHints":{"allow":["GET"]}}],"collection":[{"href":"https:\/\/meltan.mu\/index.php\/wp-json\/wp\/v2\/pages"}],"about":[{"href":"https:\/\/meltan.mu\/index.php\/wp-json\/wp\/v2\/types\/page"}],"author":[{"embeddable":true,"href":"https:\/\/meltan.mu\/index.php\/wp-json\/wp\/v2\/users\/1"}],"replies":[{"embeddable":true,"href":"https:\/\/meltan.mu\/index.php\/wp-json\/wp\/v2\/comments?post=17362"}],"version-history":[{"count":3,"href":"https:\/\/meltan.mu\/index.php\/wp-json\/wp\/v2\/pages\/17362\/revisions"}],"predecessor-version":[{"id":17365,"href":"https:\/\/meltan.mu\/index.php\/wp-json\/wp\/v2\/pages\/17362\/revisions\/17365"}],"wp:attachment":[{"href":"https:\/\/meltan.mu\/index.php\/wp-json\/wp\/v2\/media?parent=17362"}],"curies":[{"name":"wp","href":"https:\/\/api.w.org\/{rel}","templated":true}]}}