{"id":17346,"date":"2022-09-15T19:02:13","date_gmt":"2022-09-15T15:02:13","guid":{"rendered":"https:\/\/meltan.mu\/?page_id=17346"},"modified":"2022-09-15T19:05:15","modified_gmt":"2022-09-15T15:05:15","slug":"retraite-a-lile-maurice-a-partir-de-50-ans","status":"publish","type":"page","link":"https:\/\/meltan.mu\/index.php\/fr\/retraite-a-lile-maurice-a-partir-de-50-ans\/","title":{"rendered":"Retraite \u00e0 l&#8217;\u00eele Maurice \u00e0 partir de 50 ans"},"content":{"rendered":"<p>[vc_row full_width=&#8221;stretch_row_content&#8221; css=&#8221;.vc_custom_1659459295966{background-color: #ffffff !important;}&#8221;][vc_column css=&#8221;.vc_custom_1661154986265{padding-top: 0px !important;padding-right: 0px !important;padding-bottom: 0px !important;padding-left: 0px !important;}&#8221;][vc_single_image source=&#8221;external_link&#8221; css=&#8221;.vc_custom_1663254200946{padding-top: 0px !important;padding-right: 0px !important;padding-bottom: 0px !important;padding-left: 0px !important;}&#8221; custom_src=&#8221;https:\/\/meltan.mu\/wp-content\/uploads\/2022\/08\/Invest-Live.jpg&#8221;][\/vc_column][\/vc_row][vc_row full_width=&#8221;stretch_row_content&#8221; content_placement=&#8221;middle&#8221; css=&#8221;.vc_custom_1659849523008{padding-right: 20px !important;padding-bottom: 40px !important;padding-left: 20px !important;background-color: #d3d3d3 !important;}&#8221;][vc_column width=&#8221;2\/3&#8243; css=&#8221;.vc_custom_1659459622027{margin-top: 50px !important;}&#8221;][vc_column_text css=&#8221;.vc_custom_1663254308263{margin-top: 40px !important;}&#8221;]<\/p>\n<h1><span style=\"color: #000000;\"><strong>Retraite \u00e0 l&#8217;\u00eele Maurice \u00e0 partir de 50 ans<\/strong><\/span><\/h1>\n<p><span style=\"color: #000000;\"><strong>La retraite \u00e0 l&#8217;\u00eele Maurice est le meilleur choix si vous avez 50 ans ou plus.<\/strong><\/span><\/p>\n<p><span style=\"color: #000000;\">L&#8217;\u00eele Maurice b\u00e9n\u00e9ficie d&#8217;un climat tropical et propice pendant 8 mois de l&#8217;ann\u00e9e, d&#8217;un environnement paisible et harmonieux, d&#8217;une infrastructure en constante am\u00e9lioration et d&#8217;un co\u00fbt de la vie comp\u00e9titif, ce qui en fait un endroit remarquable pour prendre sa retraite.<\/span><\/p>\n<p><span style=\"color: #000000;\">Avec seulement 1500 USD par mois, vous pouvez b\u00e9n\u00e9ficier d&#8217;un permis de r\u00e9sidence de 10 ans et vivre dans un environnement paisible. Le permis de r\u00e9sidence vous donne \u00e9galement la possibilit\u00e9 de demander une r\u00e9sidence permanente de 20 ans apr\u00e8s trois ann\u00e9es cons\u00e9cutives, \u00e0 condition d&#8217;avoir transf\u00e9r\u00e9 annuellement 18 000 USD.<\/span><\/p>\n<p><span style=\"color: #000000;\">Les retrait\u00e9s qui n&#8217;ont pas la citoyennet\u00e9 peuvent acheter une propri\u00e9t\u00e9 r\u00e9sidentielle ou les droits viagers d&#8217;une unit\u00e9 de logement dans un projet approuv\u00e9. Il n&#8217;y a pas de prix d&#8217;achat minimum, et le non-citoyen peut demander la r\u00e9sidence pour lui-m\u00eame et son \u00e9poux ou son conjoint de fait jusqu&#8217;\u00e0 ce que la propri\u00e9t\u00e9 ne soit plus poss\u00e9d\u00e9e ou occup\u00e9e par le retrait\u00e9.<\/span><\/p>\n<p><span style=\"color: #000000;\">Les non-citoyens retrait\u00e9s peuvent \u00e9galement investir dans des entreprises, sans percevoir de salaire ni g\u00e9rer activement l&#8217;entreprise.<\/span><\/p>\n<p><span style=\"color: #000000;\">Une fois qu&#8217;un non-citoyen retrait\u00e9 a obtenu son permis d&#8217;occupation\/de r\u00e9sidence, il peut \u00e9galement demander un permis de r\u00e9sidence pour les personnes \u00e0 sa charge, \u00e0 savoir<\/span><\/p>\n<ul>\n<li><span style=\"color: #000000;\">le conjoint (y compris le concubin du sexe oppos\u00e9)<\/span><\/li>\n<li><span style=\"color: #000000;\">les parents<\/span><\/li>\n<li><span style=\"color: #000000;\">les enfants, y compris les beaux-enfants ou les enfants l\u00e9galement adopt\u00e9s, qui ne sont pas mari\u00e9s et n&#8217;exercent pas d&#8217;activit\u00e9 r\u00e9mun\u00e9r\u00e9e.<\/span><\/li>\n<\/ul>\n<p><span style=\"color: #000000;\">Le permis de s\u00e9jour des personnes \u00e0 charge durera aussi longtemps que votre PO est valide, mais ils peuvent changer de PO \u00e0 tout moment s&#8217;ils ont besoin de travailler \u00e0 Maurice.<\/span>[\/vc_column_text][\/vc_column][vc_column width=&#8221;1\/3&#8243; css=&#8221;.vc_custom_1659846955262{margin-top: 30px !important;}&#8221;][vc_single_image source=&#8221;external_link&#8221; custom_src=&#8221;https:\/\/meltan.mu\/wp-content\/uploads\/2022\/08\/retire-as-from-50.jpg&#8221;][\/vc_column][\/vc_row]<\/p>\n","protected":false},"excerpt":{"rendered":"<p>[vc_row full_width=&#8221;stretch_row_content&#8221; css=&#8221;.vc_custom_1659459295966{background-color: #ffffff !important;}&#8221;][vc_column css=&#8221;.vc_custom_1661154986265{padding-top: 0px !important;padding-right: 0px !important;padding-bottom: 0px !important;padding-left: 0px !important;}&#8221;][vc_single_image source=&#8221;external_link&#8221; css=&#8221;.vc_custom_1663254200946{padding-top: 0px !important;padding-right: 0px !important;padding-bottom: 0px !important;padding-left: 0px !important;}&#8221; custom_src=&#8221;https:\/\/meltan.mu\/wp-content\/uploads\/2022\/08\/Invest-Live.jpg&#8221;][\/vc_column][\/vc_row][vc_row full_width=&#8221;stretch_row_content&#8221; content_placement=&#8221;middle&#8221; css=&#8221;.vc_custom_1659849523008{padding-right: 20px !important;padding-bottom: 40px !important;padding-left: 20px !important;background-color: #d3d3d3 !important;}&#8221;][vc_column width=&#8221;2\/3&#8243; css=&#8221;.vc_custom_1659459622027{margin-top: 50px !important;}&#8221;][vc_column_text css=&#8221;.vc_custom_1663254308263{margin-top: 40px !important;}&#8221;] Retraite \u00e0 l&#8217;\u00eele Maurice \u00e0 partir de 50 ans La retraite \u00e0 [&hellip;]<\/p>\n","protected":false},"author":1,"featured_media":0,"parent":0,"menu_order":0,"comment_status":"closed","ping_status":"closed","template":"templates\/full-width.php","meta":{"footnotes":""},"class_list":["post-17346","page","type-page","status-publish","hentry"],"aioseo_notices":[],"_links":{"self":[{"href":"https:\/\/meltan.mu\/index.php\/wp-json\/wp\/v2\/pages\/17346","targetHints":{"allow":["GET"]}}],"collection":[{"href":"https:\/\/meltan.mu\/index.php\/wp-json\/wp\/v2\/pages"}],"about":[{"href":"https:\/\/meltan.mu\/index.php\/wp-json\/wp\/v2\/types\/page"}],"author":[{"embeddable":true,"href":"https:\/\/meltan.mu\/index.php\/wp-json\/wp\/v2\/users\/1"}],"replies":[{"embeddable":true,"href":"https:\/\/meltan.mu\/index.php\/wp-json\/wp\/v2\/comments?post=17346"}],"version-history":[{"count":4,"href":"https:\/\/meltan.mu\/index.php\/wp-json\/wp\/v2\/pages\/17346\/revisions"}],"predecessor-version":[{"id":17350,"href":"https:\/\/meltan.mu\/index.php\/wp-json\/wp\/v2\/pages\/17346\/revisions\/17350"}],"wp:attachment":[{"href":"https:\/\/meltan.mu\/index.php\/wp-json\/wp\/v2\/media?parent=17346"}],"curies":[{"name":"wp","href":"https:\/\/api.w.org\/{rel}","templated":true}]}}