{"id":17341,"date":"2022-09-15T18:57:40","date_gmt":"2022-09-15T14:57:40","guid":{"rendered":"https:\/\/meltan.mu\/?page_id=17341"},"modified":"2022-09-15T18:59:37","modified_gmt":"2022-09-15T14:59:37","slug":"travailleur-independant","status":"publish","type":"page","link":"https:\/\/meltan.mu\/index.php\/fr\/travailleur-independant\/","title":{"rendered":"Travailleur ind\u00e9pendant"},"content":{"rendered":"<p>[vc_row full_width=&#8221;stretch_row_content&#8221; css=&#8221;.vc_custom_1659459295966{background-color: #ffffff !important;}&#8221;][vc_column css=&#8221;.vc_custom_1661155056587{padding-top: 0px !important;padding-right: 0px !important;padding-bottom: 0px !important;padding-left: 0px !important;}&#8221;][vc_single_image source=&#8221;external_link&#8221; css=&#8221;.vc_custom_1663253899696{padding-top: 0px !important;padding-right: 0px !important;padding-bottom: 0px !important;padding-left: 0px !important;}&#8221; custom_src=&#8221;https:\/\/meltan.mu\/wp-content\/uploads\/2022\/08\/Invest-Live.jpg&#8221;][\/vc_column][\/vc_row][vc_row full_width=&#8221;stretch_row_content&#8221; content_placement=&#8221;middle&#8221; css=&#8221;.vc_custom_1659849523008{padding-right: 20px !important;padding-bottom: 40px !important;padding-left: 20px !important;background-color: #d3d3d3 !important;}&#8221;][vc_column width=&#8221;2\/3&#8243; css=&#8221;.vc_custom_1659459622027{margin-top: 50px !important;}&#8221;][vc_column_text css=&#8221;.vc_custom_1663253972637{margin-top: 40px !important;}&#8221;]<\/p>\n<h1 style=\"text-align: justify;\"><span style=\"color: #000000;\"><strong>Travailleur ind\u00e9pendant<\/strong><\/span><\/h1>\n<p style=\"text-align: justify;\"><span style=\"color: #000000;\">Le permis de travail ind\u00e9pendant est id\u00e9al pour un travailleur ind\u00e9pendant qui souhaite s&#8217;installer dans une r\u00e9gion tropicale dot\u00e9e de r\u00e9seaux de t\u00e9l\u00e9communication fiables. Outre la possibilit\u00e9 de mener un style de vie actif, il offre \u00e9galement la possibilit\u00e9 de fournir des services professionnels \u00e0 des clients locaux et internationaux.<\/span><\/p>\n<p style=\"text-align: justify;\"><span style=\"color: #000000;\">Un travailleur ind\u00e9pendant est d\u00e9fini comme un non-citoyen exer\u00e7ant une activit\u00e9 professionnelle dans le secteur des services uniquement et enregistr\u00e9 aupr\u00e8s du Registre des entreprises en vertu de la loi de 2002 sur l&#8217;enregistrement des entreprises.<\/span><\/p>\n<p style=\"text-align: justify;\"><span style=\"color: #000000;\">Un travailleur ind\u00e9pendant doit exercer une activit\u00e9 commerciale unipersonnelle, travaillant exclusivement pour son propre compte.<\/span><\/p>\n<p style=\"text-align: justify;\"><span style=\"color: #000000;\">Le travailleur ind\u00e9pendant doit effectuer un transfert initial de 35 000 USD ou son \u00e9quivalent en devises \u00e9trang\u00e8res librement convertibles au moment de l&#8217;\u00e9mission du PO sur son compte bancaire local \u00e0 Maurice. La validit\u00e9 du permis de travail ind\u00e9pendant est de 10 ans et est renouvelable. Pour le renouvellement, l&#8217;activit\u00e9 commerciale doit g\u00e9n\u00e9rer un revenu commercial de 800 000 roupies par an \u00e0 partir de la troisi\u00e8me ann\u00e9e d&#8217;enregistrement.<\/span><\/p>\n<p>[\/vc_column_text][\/vc_column][vc_column width=&#8221;1\/3&#8243; css=&#8221;.vc_custom_1659846955262{margin-top: 30px !important;}&#8221;][vc_single_image source=&#8221;external_link&#8221; custom_src=&#8221;https:\/\/meltan.mu\/wp-content\/uploads\/2022\/08\/self-employed-1.jpg&#8221;][\/vc_column][\/vc_row]<\/p>\n","protected":false},"excerpt":{"rendered":"<p>[vc_row full_width=&#8221;stretch_row_content&#8221; css=&#8221;.vc_custom_1659459295966{background-color: #ffffff !important;}&#8221;][vc_column css=&#8221;.vc_custom_1661155056587{padding-top: 0px !important;padding-right: 0px !important;padding-bottom: 0px !important;padding-left: 0px !important;}&#8221;][vc_single_image source=&#8221;external_link&#8221; css=&#8221;.vc_custom_1663253899696{padding-top: 0px !important;padding-right: 0px !important;padding-bottom: 0px !important;padding-left: 0px !important;}&#8221; custom_src=&#8221;https:\/\/meltan.mu\/wp-content\/uploads\/2022\/08\/Invest-Live.jpg&#8221;][\/vc_column][\/vc_row][vc_row full_width=&#8221;stretch_row_content&#8221; content_placement=&#8221;middle&#8221; css=&#8221;.vc_custom_1659849523008{padding-right: 20px !important;padding-bottom: 40px !important;padding-left: 20px !important;background-color: #d3d3d3 !important;}&#8221;][vc_column width=&#8221;2\/3&#8243; css=&#8221;.vc_custom_1659459622027{margin-top: 50px !important;}&#8221;][vc_column_text css=&#8221;.vc_custom_1663253972637{margin-top: 40px !important;}&#8221;] Travailleur ind\u00e9pendant Le permis de travail ind\u00e9pendant est id\u00e9al pour un travailleur [&hellip;]<\/p>\n","protected":false},"author":1,"featured_media":0,"parent":0,"menu_order":0,"comment_status":"closed","ping_status":"closed","template":"templates\/full-width.php","meta":{"footnotes":""},"class_list":["post-17341","page","type-page","status-publish","hentry"],"aioseo_notices":[],"_links":{"self":[{"href":"https:\/\/meltan.mu\/index.php\/wp-json\/wp\/v2\/pages\/17341","targetHints":{"allow":["GET"]}}],"collection":[{"href":"https:\/\/meltan.mu\/index.php\/wp-json\/wp\/v2\/pages"}],"about":[{"href":"https:\/\/meltan.mu\/index.php\/wp-json\/wp\/v2\/types\/page"}],"author":[{"embeddable":true,"href":"https:\/\/meltan.mu\/index.php\/wp-json\/wp\/v2\/users\/1"}],"replies":[{"embeddable":true,"href":"https:\/\/meltan.mu\/index.php\/wp-json\/wp\/v2\/comments?post=17341"}],"version-history":[{"count":3,"href":"https:\/\/meltan.mu\/index.php\/wp-json\/wp\/v2\/pages\/17341\/revisions"}],"predecessor-version":[{"id":17344,"href":"https:\/\/meltan.mu\/index.php\/wp-json\/wp\/v2\/pages\/17341\/revisions\/17344"}],"wp:attachment":[{"href":"https:\/\/meltan.mu\/index.php\/wp-json\/wp\/v2\/media?parent=17341"}],"curies":[{"name":"wp","href":"https:\/\/api.w.org\/{rel}","templated":true}]}}