{"id":17329,"date":"2022-09-12T19:33:56","date_gmt":"2022-09-12T15:33:56","guid":{"rendered":"https:\/\/meltan.mu\/?page_id=17329"},"modified":"2022-09-12T19:36:20","modified_gmt":"2022-09-12T15:36:20","slug":"permis-doccupation-de-jeune-professionnel","status":"publish","type":"page","link":"https:\/\/meltan.mu\/index.php\/fr\/permis-doccupation-de-jeune-professionnel\/","title":{"rendered":"Permis d&#8217;occupation de jeune professionnel"},"content":{"rendered":"<p>[vc_row full_width=&#8221;stretch_row_content&#8221; css=&#8221;.vc_custom_1659459295966{background-color: #ffffff !important;}&#8221;][vc_column css=&#8221;.vc_custom_1661155254305{padding-top: 0px !important;padding-right: 0px !important;padding-bottom: 0px !important;padding-left: 0px !important;}&#8221;][vc_single_image source=&#8221;external_link&#8221; css=&#8221;.vc_custom_1662996865556{padding-top: 0px !important;padding-right: 0px !important;padding-bottom: 0px !important;padding-left: 0px !important;}&#8221; custom_src=&#8221;https:\/\/meltan.mu\/wp-content\/uploads\/2022\/08\/invest-live2.jpg&#8221;][\/vc_column][\/vc_row][vc_row full_width=&#8221;stretch_row_content&#8221; content_placement=&#8221;top&#8221; css=&#8221;.vc_custom_1659965079822{margin-top: 0px !important;padding-right: 20px !important;padding-bottom: 40px !important;padding-left: 20px !important;background-color: #d3d3d3 !important;}&#8221;][vc_column width=&#8221;1\/3&#8243; css=&#8221;.vc_custom_1659965044898{margin-top: 30px !important;}&#8221;][vc_single_image source=&#8221;external_link&#8221; custom_src=&#8221;https:\/\/meltan.mu\/wp-content\/uploads\/2022\/08\/young-professionals.jpg&#8221;][\/vc_column][vc_column width=&#8221;2\/3&#8243; css=&#8221;.vc_custom_1659846955262{margin-top: 30px !important;}&#8221;][vc_column_text css=&#8221;.vc_custom_1662996976500{margin-top: 40px !important;}&#8221;]<\/p>\n<h1 style=\"text-align: justify;\"><span style=\"color: #000000;\"><strong>Permis d&#8217;occupation de jeune professionnel<\/strong><\/span><\/h1>\n<p style=\"text-align: justify;\"><span style=\"color: #000000;\">Les \u00e9tudiants \u00e9trangers ayant obtenu au moins un dipl\u00f4me de premier cycle dans un \u00e9tablissement d&#8217;enseignement sup\u00e9rieur \u00e0 Maurice peuvent demander un permis d&#8217;occupation de jeune professionnel (YPOP), conform\u00e9ment \u00e0 la section 13 de la loi de 2017 sur le Conseil de d\u00e9veloppement \u00e9conomique et \u00e0 la section 9A de la loi de 1970 sur l&#8217;immigration.<\/span><\/p>\n<p style=\"text-align: justify;\"><span style=\"color: #000000;\">Le YPOP est un permis d&#8217;occupation valable pour une p\u00e9riode maximale de 3 ans en fonction de la dur\u00e9e du contrat de travail.<\/span><\/p>\n<p style=\"text-align: justify;\"><span style=\"color: #000000;\"><strong>Admissibilit\u00e9 :<\/strong><\/span><\/p>\n<p style=\"text-align: justify;\"><span style=\"color: #000000;\">Les crit\u00e8res suivants doivent \u00eatre respect\u00e9s pour \u00eatre \u00e9ligible \u00e0 un YPOP :<\/span><\/p>\n<p style=\"padding-left: 40px; text-align: justify;\"><span style=\"color: #000000;\">a) L&#8217;\u00e9tudiant doit avoir obtenu au moins un dipl\u00f4me de premier cycle dans un \u00e9tablissement d&#8217;enseignement sup\u00e9rieur reconnu par la Commission de l&#8217;enseignement sup\u00e9rieur (TEC).<\/span><\/p>\n<p style=\"padding-left: 40px; text-align: justify;\"><span style=\"color: #000000;\">b) La demande doit \u00eatre soumise au plus tard 6 mois apr\u00e8s la date de publication des r\u00e9sultats.<\/span><\/p>\n<p style=\"padding-left: 40px; text-align: justify;\"><span style=\"color: #000000;\">c) Lorsqu&#8217;une personne est titulaire d&#8217;un YPOP et qu&#8217;elle a l&#8217;intention de changer d&#8217;emploi avant l&#8217;expiration du YPOP, la condition \u00e9nonc\u00e9e au point b) ne s&#8217;applique pas.<\/span><\/p>\n<p style=\"padding-left: 40px; text-align: justify;\"><span style=\"color: #000000;\">d) L&#8217;activit\u00e9 commerciale de l&#8217;entreprise doit relever des domaines suivants : Intelligence artificielle, Biotechnologie, Fintech, Robotique, Services financiers, Technologie de l&#8217;information.<\/span><\/p>\n<p>[\/vc_column_text][\/vc_column][\/vc_row]<\/p>\n","protected":false},"excerpt":{"rendered":"<p>[vc_row full_width=&#8221;stretch_row_content&#8221; css=&#8221;.vc_custom_1659459295966{background-color: #ffffff !important;}&#8221;][vc_column css=&#8221;.vc_custom_1661155254305{padding-top: 0px !important;padding-right: 0px !important;padding-bottom: 0px !important;padding-left: 0px !important;}&#8221;][vc_single_image source=&#8221;external_link&#8221; css=&#8221;.vc_custom_1662996865556{padding-top: 0px !important;padding-right: 0px !important;padding-bottom: 0px !important;padding-left: 0px !important;}&#8221; custom_src=&#8221;https:\/\/meltan.mu\/wp-content\/uploads\/2022\/08\/invest-live2.jpg&#8221;][\/vc_column][\/vc_row][vc_row full_width=&#8221;stretch_row_content&#8221; content_placement=&#8221;top&#8221; css=&#8221;.vc_custom_1659965079822{margin-top: 0px !important;padding-right: 20px !important;padding-bottom: 40px !important;padding-left: 20px !important;background-color: #d3d3d3 !important;}&#8221;][vc_column width=&#8221;1\/3&#8243; css=&#8221;.vc_custom_1659965044898{margin-top: 30px !important;}&#8221;][vc_single_image source=&#8221;external_link&#8221; custom_src=&#8221;https:\/\/meltan.mu\/wp-content\/uploads\/2022\/08\/young-professionals.jpg&#8221;][\/vc_column][vc_column width=&#8221;2\/3&#8243; css=&#8221;.vc_custom_1659846955262{margin-top: 30px !important;}&#8221;][vc_column_text css=&#8221;.vc_custom_1662996976500{margin-top: 40px !important;}&#8221;] Permis d&#8217;occupation de jeune [&hellip;]<\/p>\n","protected":false},"author":1,"featured_media":0,"parent":0,"menu_order":0,"comment_status":"closed","ping_status":"closed","template":"templates\/full-width.php","meta":{"footnotes":""},"class_list":["post-17329","page","type-page","status-publish","hentry"],"aioseo_notices":[],"_links":{"self":[{"href":"https:\/\/meltan.mu\/index.php\/wp-json\/wp\/v2\/pages\/17329","targetHints":{"allow":["GET"]}}],"collection":[{"href":"https:\/\/meltan.mu\/index.php\/wp-json\/wp\/v2\/pages"}],"about":[{"href":"https:\/\/meltan.mu\/index.php\/wp-json\/wp\/v2\/types\/page"}],"author":[{"embeddable":true,"href":"https:\/\/meltan.mu\/index.php\/wp-json\/wp\/v2\/users\/1"}],"replies":[{"embeddable":true,"href":"https:\/\/meltan.mu\/index.php\/wp-json\/wp\/v2\/comments?post=17329"}],"version-history":[{"count":3,"href":"https:\/\/meltan.mu\/index.php\/wp-json\/wp\/v2\/pages\/17329\/revisions"}],"predecessor-version":[{"id":17332,"href":"https:\/\/meltan.mu\/index.php\/wp-json\/wp\/v2\/pages\/17329\/revisions\/17332"}],"wp:attachment":[{"href":"https:\/\/meltan.mu\/index.php\/wp-json\/wp\/v2\/media?parent=17329"}],"curies":[{"name":"wp","href":"https:\/\/api.w.org\/{rel}","templated":true}]}}