{"id":17324,"date":"2022-09-12T19:28:25","date_gmt":"2022-09-12T15:28:25","guid":{"rendered":"https:\/\/meltan.mu\/?page_id=17324"},"modified":"2022-09-12T19:32:01","modified_gmt":"2022-09-12T15:32:01","slug":"droit-dinvestir-pour-les-professionnels","status":"publish","type":"page","link":"https:\/\/meltan.mu\/index.php\/fr\/droit-dinvestir-pour-les-professionnels\/","title":{"rendered":"Droit d&#8217;investir pour les professionnels"},"content":{"rendered":"<p>[vc_row full_width=&#8221;stretch_row_content&#8221; css=&#8221;.vc_custom_1659459295966{background-color: #ffffff !important;}&#8221;][vc_column css=&#8221;.vc_custom_1661155020206{padding-top: 0px !important;padding-right: 0px !important;padding-bottom: 0px !important;padding-left: 0px !important;}&#8221;][vc_single_image source=&#8221;external_link&#8221; css=&#8221;.vc_custom_1662996698686{padding-top: 0px !important;padding-right: 0px !important;padding-bottom: 0px !important;padding-left: 0px !important;}&#8221; custom_src=&#8221;https:\/\/meltan.mu\/wp-content\/uploads\/2022\/08\/invest-live2.jpg&#8221;][\/vc_column][\/vc_row][vc_row full_width=&#8221;stretch_row_content&#8221; content_placement=&#8221;top&#8221; css=&#8221;.vc_custom_1659965079822{margin-top: 0px !important;padding-right: 20px !important;padding-bottom: 40px !important;padding-left: 20px !important;background-color: #d3d3d3 !important;}&#8221;][vc_column width=&#8221;1\/3&#8243; css=&#8221;.vc_custom_1659965044898{margin-top: 30px !important;}&#8221;][vc_single_image source=&#8221;external_link&#8221; custom_src=&#8221;https:\/\/meltan.mu\/wp-content\/uploads\/2022\/08\/right-to-invest.jpg&#8221;][\/vc_column][vc_column width=&#8221;2\/3&#8243; css=&#8221;.vc_custom_1659846955262{margin-top: 30px !important;}&#8221;][vc_column_text css=&#8221;.vc_custom_1662996679452{margin-top: 40px !important;}&#8221;]<\/p>\n<h1><span style=\"color: #000000;\"><strong>Droit d&#8217;investir pour les professionnels<\/strong><\/span><\/h1>\n<p><span style=\"color: #000000;\">Le d\u00e9tenteur d&#8217;un permis d&#8217;occupation en tant que professionnel peut investir dans toute entreprise \u00e0 condition que : &#8211;<\/span><\/p>\n<p style=\"padding-left: 40px;\"><span style=\"color: #000000;\">a) qu&#8217;il ne soit pas employ\u00e9 dans l&#8217;entreprise<\/span><br \/>\n<span style=\"color: #000000;\">b) ne pas g\u00e9rer l&#8217;entreprise<\/span><br \/>\n<span style=\"color: #000000;\">c) qu&#8217;il ne tire pas de salaire ou d&#8217;avantages sociaux de l&#8217;entreprise.<\/span><\/p>\n<p><span style=\"color: #000000;\">2. Nonobstant ce qui pr\u00e9c\u00e8de, un professionnel peut d\u00e9tenir des actions dans une entreprise o\u00f9 il est employ\u00e9 \u00e0 condition que le d\u00e9tenteur du permis d&#8217;occupation ne soit pas un actionnaire majoritaire.<\/span>[\/vc_column_text][\/vc_column][\/vc_row]<\/p>\n","protected":false},"excerpt":{"rendered":"<p>[vc_row full_width=&#8221;stretch_row_content&#8221; css=&#8221;.vc_custom_1659459295966{background-color: #ffffff !important;}&#8221;][vc_column css=&#8221;.vc_custom_1661155020206{padding-top: 0px !important;padding-right: 0px !important;padding-bottom: 0px !important;padding-left: 0px !important;}&#8221;][vc_single_image source=&#8221;external_link&#8221; css=&#8221;.vc_custom_1662996698686{padding-top: 0px !important;padding-right: 0px !important;padding-bottom: 0px !important;padding-left: 0px !important;}&#8221; custom_src=&#8221;https:\/\/meltan.mu\/wp-content\/uploads\/2022\/08\/invest-live2.jpg&#8221;][\/vc_column][\/vc_row][vc_row full_width=&#8221;stretch_row_content&#8221; content_placement=&#8221;top&#8221; css=&#8221;.vc_custom_1659965079822{margin-top: 0px !important;padding-right: 20px !important;padding-bottom: 40px !important;padding-left: 20px !important;background-color: #d3d3d3 !important;}&#8221;][vc_column width=&#8221;1\/3&#8243; css=&#8221;.vc_custom_1659965044898{margin-top: 30px !important;}&#8221;][vc_single_image source=&#8221;external_link&#8221; custom_src=&#8221;https:\/\/meltan.mu\/wp-content\/uploads\/2022\/08\/right-to-invest.jpg&#8221;][\/vc_column][vc_column width=&#8221;2\/3&#8243; css=&#8221;.vc_custom_1659846955262{margin-top: 30px !important;}&#8221;][vc_column_text css=&#8221;.vc_custom_1662996679452{margin-top: 40px !important;}&#8221;] Droit d&#8217;investir pour les [&hellip;]<\/p>\n","protected":false},"author":1,"featured_media":0,"parent":0,"menu_order":0,"comment_status":"closed","ping_status":"closed","template":"templates\/full-width.php","meta":{"footnotes":""},"class_list":["post-17324","page","type-page","status-publish","hentry"],"aioseo_notices":[],"_links":{"self":[{"href":"https:\/\/meltan.mu\/index.php\/wp-json\/wp\/v2\/pages\/17324","targetHints":{"allow":["GET"]}}],"collection":[{"href":"https:\/\/meltan.mu\/index.php\/wp-json\/wp\/v2\/pages"}],"about":[{"href":"https:\/\/meltan.mu\/index.php\/wp-json\/wp\/v2\/types\/page"}],"author":[{"embeddable":true,"href":"https:\/\/meltan.mu\/index.php\/wp-json\/wp\/v2\/users\/1"}],"replies":[{"embeddable":true,"href":"https:\/\/meltan.mu\/index.php\/wp-json\/wp\/v2\/comments?post=17324"}],"version-history":[{"count":3,"href":"https:\/\/meltan.mu\/index.php\/wp-json\/wp\/v2\/pages\/17324\/revisions"}],"predecessor-version":[{"id":17327,"href":"https:\/\/meltan.mu\/index.php\/wp-json\/wp\/v2\/pages\/17324\/revisions\/17327"}],"wp:attachment":[{"href":"https:\/\/meltan.mu\/index.php\/wp-json\/wp\/v2\/media?parent=17324"}],"curies":[{"name":"wp","href":"https:\/\/api.w.org\/{rel}","templated":true}]}}