{"id":17318,"date":"2022-09-12T19:20:07","date_gmt":"2022-09-12T15:20:07","guid":{"rendered":"https:\/\/meltan.mu\/?page_id=17318"},"modified":"2024-08-12T15:54:20","modified_gmt":"2024-08-12T11:54:20","slug":"professionels","status":"publish","type":"page","link":"https:\/\/meltan.mu\/index.php\/fr\/professionels\/","title":{"rendered":"Professionels"},"content":{"rendered":"<p>[vc_row full_width=&#8221;stretch_row_content&#8221; css=&#8221;.vc_custom_1659459295966{background-color: #ffffff !important;}&#8221;][vc_column css=&#8221;.vc_custom_1661154844840{padding-top: 0px !important;padding-right: 0px !important;padding-bottom: 0px !important;padding-left: 0px !important;}&#8221;][vc_single_image source=&#8221;external_link&#8221; css=&#8221;.vc_custom_1662996037155{padding-top: 0px !important;padding-right: 0px !important;padding-bottom: 0px !important;padding-left: 0px !important;}&#8221; custom_src=&#8221;https:\/\/meltan.mu\/wp-content\/uploads\/2022\/08\/invest-live2.jpg&#8221;][\/vc_column][\/vc_row][vc_row full_width=&#8221;stretch_row_content&#8221; content_placement=&#8221;top&#8221; css=&#8221;.vc_custom_1659965079822{margin-top: 0px !important;padding-right: 20px !important;padding-bottom: 40px !important;padding-left: 20px !important;background-color: #d3d3d3 !important;}&#8221;][vc_column width=&#8221;1\/3&#8243; css=&#8221;.vc_custom_1659965044898{margin-top: 30px !important;}&#8221;][vc_single_image source=&#8221;external_link&#8221; custom_src=&#8221;https:\/\/meltan.mu\/wp-content\/uploads\/2022\/08\/professional-1.jpg&#8221;][\/vc_column][vc_column width=&#8221;2\/3&#8243; css=&#8221;.vc_custom_1659846955262{margin-top: 30px !important;}&#8221;][vc_column_text css=&#8221;.vc_custom_1723463644449{margin-top: 40px !important;}&#8221;]<\/p>\n<h1><span style=\"color: #000000;\">Professionels<\/span><\/h1>\n<p style=\"text-align: justify;\">Un professionnel, tel que d\u00e9fini dans la loi sur l&#8217;immigration, est un ressortissant \u00e9tranger employ\u00e9 \u00e0 Maurice en vertu d&#8217;un contrat de travail et enregistr\u00e9 en tant que tel aupr\u00e8s de l&#8217;Economic Development Board. Le professionnel devra avoir les qualifications acad\u00e9miques, les comp\u00e9tences, l&#8217;exp\u00e9rience et le savoir-faire n\u00e9cessaires dans le domaine dans lequel il sera employ\u00e9.<\/p>\n<p style=\"text-align: justify;\">Pour obtenir un permis de travail en tant que professionnel, un non-citoyen doit gagner un salaire mensuel de base d&#8217;au moins 22, 500 MUR. Toutefois, pour les professionnels des secteurs des technologies de l&#8217;information et de la communication (TIC), de l&#8217;externalisation des processus d&#8217;affaires (BPO), de la fabrication de produits pharmaceutiques et de l&#8217;industrie alimentaire, le salaire mensuel de base doit \u00eatre d&#8217;au moins 22, 500 MUR.<\/p>\n<p style=\"text-align: justify;\">Les professionnels peuvent \u00e9galement demander un permis d&#8217;occupation \u00e0 court terme pour une p\u00e9riode n&#8217;exc\u00e9dant pas 9 mois. Ce permis ne peut \u00eatre prolong\u00e9 qu&#8217;une seule fois pour une p\u00e9riode n&#8217;exc\u00e9dant pas 3 mois.<\/p>\n<p>[\/vc_column_text][\/vc_column][\/vc_row]<\/p>\n","protected":false},"excerpt":{"rendered":"<p>[vc_row full_width=&#8221;stretch_row_content&#8221; css=&#8221;.vc_custom_1659459295966{background-color: #ffffff !important;}&#8221;][vc_column css=&#8221;.vc_custom_1661154844840{padding-top: 0px !important;padding-right: 0px !important;padding-bottom: 0px !important;padding-left: 0px !important;}&#8221;][vc_single_image source=&#8221;external_link&#8221; css=&#8221;.vc_custom_1662996037155{padding-top: 0px !important;padding-right: 0px !important;padding-bottom: 0px !important;padding-left: 0px !important;}&#8221; custom_src=&#8221;https:\/\/meltan.mu\/wp-content\/uploads\/2022\/08\/invest-live2.jpg&#8221;][\/vc_column][\/vc_row][vc_row full_width=&#8221;stretch_row_content&#8221; content_placement=&#8221;top&#8221; css=&#8221;.vc_custom_1659965079822{margin-top: 0px !important;padding-right: 20px !important;padding-bottom: 40px !important;padding-left: 20px !important;background-color: #d3d3d3 !important;}&#8221;][vc_column width=&#8221;1\/3&#8243; css=&#8221;.vc_custom_1659965044898{margin-top: 30px !important;}&#8221;][vc_single_image source=&#8221;external_link&#8221; custom_src=&#8221;https:\/\/meltan.mu\/wp-content\/uploads\/2022\/08\/professional-1.jpg&#8221;][\/vc_column][vc_column width=&#8221;2\/3&#8243; css=&#8221;.vc_custom_1659846955262{margin-top: 30px !important;}&#8221;][vc_column_text css=&#8221;.vc_custom_1723463644449{margin-top: 40px !important;}&#8221;] Professionels Un professionnel, tel [&hellip;]<\/p>\n","protected":false},"author":1,"featured_media":0,"parent":0,"menu_order":0,"comment_status":"closed","ping_status":"closed","template":"templates\/full-width.php","meta":{"footnotes":""},"class_list":["post-17318","page","type-page","status-publish","hentry"],"aioseo_notices":[],"_links":{"self":[{"href":"https:\/\/meltan.mu\/index.php\/wp-json\/wp\/v2\/pages\/17318","targetHints":{"allow":["GET"]}}],"collection":[{"href":"https:\/\/meltan.mu\/index.php\/wp-json\/wp\/v2\/pages"}],"about":[{"href":"https:\/\/meltan.mu\/index.php\/wp-json\/wp\/v2\/types\/page"}],"author":[{"embeddable":true,"href":"https:\/\/meltan.mu\/index.php\/wp-json\/wp\/v2\/users\/1"}],"replies":[{"embeddable":true,"href":"https:\/\/meltan.mu\/index.php\/wp-json\/wp\/v2\/comments?post=17318"}],"version-history":[{"count":7,"href":"https:\/\/meltan.mu\/index.php\/wp-json\/wp\/v2\/pages\/17318\/revisions"}],"predecessor-version":[{"id":17622,"href":"https:\/\/meltan.mu\/index.php\/wp-json\/wp\/v2\/pages\/17318\/revisions\/17622"}],"wp:attachment":[{"href":"https:\/\/meltan.mu\/index.php\/wp-json\/wp\/v2\/media?parent=17318"}],"curies":[{"name":"wp","href":"https:\/\/api.w.org\/{rel}","templated":true}]}}