{"id":17313,"date":"2022-09-12T19:15:15","date_gmt":"2022-09-12T15:15:15","guid":{"rendered":"https:\/\/meltan.mu\/?page_id=17313"},"modified":"2022-09-12T19:17:36","modified_gmt":"2022-09-12T15:17:36","slug":"travailler-et-vivre-a-maurice-en-tant-que-professionnel","status":"publish","type":"page","link":"https:\/\/meltan.mu\/index.php\/fr\/travailler-et-vivre-a-maurice-en-tant-que-professionnel\/","title":{"rendered":"Travailler et vivre \u00e0 Maurice en tant que professionnel"},"content":{"rendered":"<p>[vc_row full_width=&#8221;stretch_row_content&#8221; css=&#8221;.vc_custom_1659459295966{background-color: #ffffff !important;}&#8221;][vc_column css=&#8221;.vc_custom_1661155181664{padding-top: 0px !important;padding-right: 0px !important;padding-bottom: 0px !important;padding-left: 0px !important;}&#8221;][vc_single_image source=&#8221;external_link&#8221; css=&#8221;.vc_custom_1662995836292{padding-top: 0px !important;padding-right: 0px !important;padding-bottom: 0px !important;padding-left: 0px !important;}&#8221; custom_src=&#8221;https:\/\/meltan.mu\/wp-content\/uploads\/2022\/08\/Mauritius-2.jpg&#8221;][\/vc_column][\/vc_row][vc_row full_width=&#8221;stretch_row_content&#8221; content_placement=&#8221;top&#8221; css=&#8221;.vc_custom_1659965079822{margin-top: 0px !important;padding-right: 20px !important;padding-bottom: 40px !important;padding-left: 20px !important;background-color: #d3d3d3 !important;}&#8221;][vc_column width=&#8221;1\/3&#8243; css=&#8221;.vc_custom_1659965044898{margin-top: 30px !important;}&#8221;][vc_single_image source=&#8221;external_link&#8221; custom_src=&#8221;https:\/\/meltan.mu\/wp-content\/uploads\/2022\/08\/professional-1.jpg&#8221;][\/vc_column][vc_column width=&#8221;2\/3&#8243; css=&#8221;.vc_custom_1659846955262{margin-top: 30px !important;}&#8221;][vc_column_text css=&#8221;.vc_custom_1662995791689{margin-top: 40px !important;}&#8221;]<\/p>\n<h1><span style=\"color: #000000;\"><strong>Travailler et vivre \u00e0 Maurice en tant que professionnel<\/strong><\/span><\/h1>\n<p style=\"text-align: justify;\"><span style=\"color: #000000;\">L&#8217;\u00eele Maurice a toujours \u00e9t\u00e9 une terre d&#8217;accueil pour les professionnels et les comp\u00e9tences et talents \u00e9trangers. Des secteurs dynamiques tels que la technologie et l&#8217;innovation, l&#8217;information et la communication, la sant\u00e9 et le tourisme \u00e0 la finance, au commerce et \u00e0 l&#8217;immobilier, Maurice offre aux expatri\u00e9s la possibilit\u00e9 d&#8217;explorer le march\u00e9 du travail mauricien.<\/span><\/p>\n<p style=\"text-align: justify;\"><span style=\"color: #000000;\">Conform\u00e9ment \u00e0 la strat\u00e9gie de d\u00e9veloppement du pays, l&#8217;\u00eele Maurice a \u00e9galement ouvert ses portes au march\u00e9 du travail aux \u00e9tudiants \u00e9trangers qui ont \u00e9tudi\u00e9 dans un \u00e9tablissement d&#8217;enseignement sup\u00e9rieur du pays. Ils ont droit \u00e0 un permis de travail de 3 ans maximum, en fonction de la dur\u00e9e du contrat de travail.<\/span><\/p>\n<p>[\/vc_column_text][\/vc_column][\/vc_row]<\/p>\n","protected":false},"excerpt":{"rendered":"<p>[vc_row full_width=&#8221;stretch_row_content&#8221; css=&#8221;.vc_custom_1659459295966{background-color: #ffffff !important;}&#8221;][vc_column css=&#8221;.vc_custom_1661155181664{padding-top: 0px !important;padding-right: 0px !important;padding-bottom: 0px !important;padding-left: 0px !important;}&#8221;][vc_single_image source=&#8221;external_link&#8221; css=&#8221;.vc_custom_1662995836292{padding-top: 0px !important;padding-right: 0px !important;padding-bottom: 0px !important;padding-left: 0px !important;}&#8221; custom_src=&#8221;https:\/\/meltan.mu\/wp-content\/uploads\/2022\/08\/Mauritius-2.jpg&#8221;][\/vc_column][\/vc_row][vc_row full_width=&#8221;stretch_row_content&#8221; content_placement=&#8221;top&#8221; css=&#8221;.vc_custom_1659965079822{margin-top: 0px !important;padding-right: 20px !important;padding-bottom: 40px !important;padding-left: 20px !important;background-color: #d3d3d3 !important;}&#8221;][vc_column width=&#8221;1\/3&#8243; css=&#8221;.vc_custom_1659965044898{margin-top: 30px !important;}&#8221;][vc_single_image source=&#8221;external_link&#8221; custom_src=&#8221;https:\/\/meltan.mu\/wp-content\/uploads\/2022\/08\/professional-1.jpg&#8221;][\/vc_column][vc_column width=&#8221;2\/3&#8243; css=&#8221;.vc_custom_1659846955262{margin-top: 30px !important;}&#8221;][vc_column_text css=&#8221;.vc_custom_1662995791689{margin-top: 40px !important;}&#8221;] Travailler et vivre \u00e0 [&hellip;]<\/p>\n","protected":false},"author":1,"featured_media":0,"parent":0,"menu_order":0,"comment_status":"closed","ping_status":"closed","template":"templates\/full-width.php","meta":{"footnotes":""},"class_list":["post-17313","page","type-page","status-publish","hentry"],"aioseo_notices":[],"_links":{"self":[{"href":"https:\/\/meltan.mu\/index.php\/wp-json\/wp\/v2\/pages\/17313","targetHints":{"allow":["GET"]}}],"collection":[{"href":"https:\/\/meltan.mu\/index.php\/wp-json\/wp\/v2\/pages"}],"about":[{"href":"https:\/\/meltan.mu\/index.php\/wp-json\/wp\/v2\/types\/page"}],"author":[{"embeddable":true,"href":"https:\/\/meltan.mu\/index.php\/wp-json\/wp\/v2\/users\/1"}],"replies":[{"embeddable":true,"href":"https:\/\/meltan.mu\/index.php\/wp-json\/wp\/v2\/comments?post=17313"}],"version-history":[{"count":3,"href":"https:\/\/meltan.mu\/index.php\/wp-json\/wp\/v2\/pages\/17313\/revisions"}],"predecessor-version":[{"id":17316,"href":"https:\/\/meltan.mu\/index.php\/wp-json\/wp\/v2\/pages\/17313\/revisions\/17316"}],"wp:attachment":[{"href":"https:\/\/meltan.mu\/index.php\/wp-json\/wp\/v2\/media?parent=17313"}],"curies":[{"name":"wp","href":"https:\/\/api.w.org\/{rel}","templated":true}]}}