{"id":17307,"date":"2022-09-11T15:03:36","date_gmt":"2022-09-11T11:03:36","guid":{"rendered":"https:\/\/meltan.mu\/?page_id=17307"},"modified":"2022-09-11T15:05:08","modified_gmt":"2022-09-11T11:05:08","slug":"services-de-relocalisation","status":"publish","type":"page","link":"https:\/\/meltan.mu\/index.php\/fr\/services-de-relocalisation\/","title":{"rendered":"Services de relocalisation"},"content":{"rendered":"<p>[vc_row full_width=&#8221;stretch_row_content&#8221; css=&#8221;.vc_custom_1659459295966{background-color: #ffffff !important;}&#8221;][vc_column css=&#8221;.vc_custom_1661154952532{padding-top: 0px !important;padding-right: 0px !important;padding-bottom: 0px !important;padding-left: 0px !important;}&#8221;][vc_single_image source=&#8221;external_link&#8221; css=&#8221;.vc_custom_1662894252054{padding-top: 0px !important;padding-right: 0px !important;padding-bottom: 0px !important;padding-left: 0px !important;}&#8221; custom_src=&#8221;https:\/\/meltan.mu\/wp-content\/uploads\/2022\/08\/Services.jpg&#8221;][\/vc_column][\/vc_row][vc_row full_width=&#8221;stretch_row_content&#8221; content_placement=&#8221;middle&#8221; css=&#8221;.vc_custom_1659849523008{padding-right: 20px !important;padding-bottom: 40px !important;padding-left: 20px !important;background-color: #d3d3d3 !important;}&#8221;][vc_column width=&#8221;2\/3&#8243; css=&#8221;.vc_custom_1659459622027{margin-top: 50px !important;}&#8221;][vc_column_text css=&#8221;.vc_custom_1662894305111{margin-top: 40px !important;}&#8221;]<\/p>\n<h1><span style=\"color: #000000;\"><strong>Services de relocalisation<\/strong><\/span><\/h1>\n<ul style=\"list-style-type: circle;\">\n<li><span style=\"color: #000000;\">Recherche d&#8217;une propri\u00e9t\u00e9 appropri\u00e9e pour la location ou l&#8217;achat.<\/span><\/li>\n<li><span style=\"color: #000000;\">Faire venir votre animal de compagnie \u00e0 l&#8217;\u00eele Maurice<\/span><\/li>\n<li><span style=\"color: #000000;\">Faire la demande pour l\u2019installation de votre Internet, louer ou acheter une voiture, et plus encore.<\/span><\/li>\n<li><span style=\"color: #000000;\">Trouver une \u00e9cole pour vos enfants<\/span><\/li>\n<li><span style=\"color: #000000;\">D\u00e9douanement de vos effets personnels<\/span><\/li>\n<li><span style=\"color: #000000;\">Prolongation de visa<\/span><\/li>\n<li><span style=\"color: #000000;\">Test m\u00e9dical<\/span><\/li>\n<li><span style=\"color: #000000;\">Assurance<\/span><\/li>\n<\/ul>\n<p>[\/vc_column_text][\/vc_column][vc_column width=&#8221;1\/3&#8243; css=&#8221;.vc_custom_1659846955262{margin-top: 30px !important;}&#8221;][vc_single_image source=&#8221;external_link&#8221; custom_src=&#8221;https:\/\/meltan.mu\/wp-content\/uploads\/2022\/08\/Relocation-1.jpg&#8221;][\/vc_column][\/vc_row]<\/p>\n","protected":false},"excerpt":{"rendered":"<p>[vc_row full_width=&#8221;stretch_row_content&#8221; css=&#8221;.vc_custom_1659459295966{background-color: #ffffff !important;}&#8221;][vc_column css=&#8221;.vc_custom_1661154952532{padding-top: 0px !important;padding-right: 0px !important;padding-bottom: 0px !important;padding-left: 0px !important;}&#8221;][vc_single_image source=&#8221;external_link&#8221; css=&#8221;.vc_custom_1662894252054{padding-top: 0px !important;padding-right: 0px !important;padding-bottom: 0px !important;padding-left: 0px !important;}&#8221; custom_src=&#8221;https:\/\/meltan.mu\/wp-content\/uploads\/2022\/08\/Services.jpg&#8221;][\/vc_column][\/vc_row][vc_row full_width=&#8221;stretch_row_content&#8221; content_placement=&#8221;middle&#8221; css=&#8221;.vc_custom_1659849523008{padding-right: 20px !important;padding-bottom: 40px !important;padding-left: 20px !important;background-color: #d3d3d3 !important;}&#8221;][vc_column width=&#8221;2\/3&#8243; css=&#8221;.vc_custom_1659459622027{margin-top: 50px !important;}&#8221;][vc_column_text css=&#8221;.vc_custom_1662894305111{margin-top: 40px !important;}&#8221;] Services de relocalisation Recherche d&#8217;une propri\u00e9t\u00e9 appropri\u00e9e pour la location ou l&#8217;achat. [&hellip;]<\/p>\n","protected":false},"author":1,"featured_media":0,"parent":0,"menu_order":0,"comment_status":"closed","ping_status":"closed","template":"templates\/full-width.php","meta":{"footnotes":""},"class_list":["post-17307","page","type-page","status-publish","hentry"],"aioseo_notices":[],"_links":{"self":[{"href":"https:\/\/meltan.mu\/index.php\/wp-json\/wp\/v2\/pages\/17307","targetHints":{"allow":["GET"]}}],"collection":[{"href":"https:\/\/meltan.mu\/index.php\/wp-json\/wp\/v2\/pages"}],"about":[{"href":"https:\/\/meltan.mu\/index.php\/wp-json\/wp\/v2\/types\/page"}],"author":[{"embeddable":true,"href":"https:\/\/meltan.mu\/index.php\/wp-json\/wp\/v2\/users\/1"}],"replies":[{"embeddable":true,"href":"https:\/\/meltan.mu\/index.php\/wp-json\/wp\/v2\/comments?post=17307"}],"version-history":[{"count":3,"href":"https:\/\/meltan.mu\/index.php\/wp-json\/wp\/v2\/pages\/17307\/revisions"}],"predecessor-version":[{"id":17310,"href":"https:\/\/meltan.mu\/index.php\/wp-json\/wp\/v2\/pages\/17307\/revisions\/17310"}],"wp:attachment":[{"href":"https:\/\/meltan.mu\/index.php\/wp-json\/wp\/v2\/media?parent=17307"}],"curies":[{"name":"wp","href":"https:\/\/api.w.org\/{rel}","templated":true}]}}