{"id":17297,"date":"2022-09-11T14:47:29","date_gmt":"2022-09-11T10:47:29","guid":{"rendered":"https:\/\/meltan.mu\/?page_id=17297"},"modified":"2022-09-11T14:49:38","modified_gmt":"2022-09-11T10:49:38","slug":"services-corporatifs-et-comptabilite","status":"publish","type":"page","link":"https:\/\/meltan.mu\/index.php\/fr\/services-corporatifs-et-comptabilite\/","title":{"rendered":"Services corporatifs et comptabilit\u00e9"},"content":{"rendered":"<p>[vc_row full_width=&#8221;stretch_row_content&#8221; css=&#8221;.vc_custom_1659459295966{background-color: #ffffff !important;}&#8221;][vc_column css=&#8221;.vc_custom_1661154415737{padding-top: 0px !important;padding-right: 0px !important;padding-bottom: 0px !important;padding-left: 0px !important;}&#8221;][vc_single_image source=&#8221;external_link&#8221; css=&#8221;.vc_custom_1662893281145{padding-top: 0px !important;padding-right: 0px !important;padding-bottom: 0px !important;padding-left: 0px !important;}&#8221; custom_src=&#8221;https:\/\/meltan.mu\/wp-content\/uploads\/2022\/08\/Services.jpg&#8221;][\/vc_column][\/vc_row][vc_row full_width=&#8221;stretch_row_content&#8221; content_placement=&#8221;middle&#8221; css=&#8221;.vc_custom_1659849523008{padding-right: 20px !important;padding-bottom: 40px !important;padding-left: 20px !important;background-color: #d3d3d3 !important;}&#8221;][vc_column width=&#8221;2\/3&#8243; css=&#8221;.vc_custom_1659459622027{margin-top: 50px !important;}&#8221;][vc_column_text css=&#8221;.vc_custom_1662893374768{margin-top: 40px !important;}&#8221;]<\/p>\n<ul>\n<li><span style=\"color: #000000;\">Services de secr\u00e9tariat et de comptabilit\u00e9<\/span><\/li>\n<li><span style=\"color: #000000;\">Cr\u00e9ation d&#8217;une soci\u00e9t\u00e9 et services aux entreprises (ouverture d&#8217;un compte bancaire, secr\u00e9tariat et direction de la soci\u00e9t\u00e9, etc.)<\/span><\/li>\n<li><span style=\"color: #000000;\">Services de comptabilit\u00e9 et de tenue de livres (pr\u00e9paration des \u00e9tats financiers, y compris les comptes de gestion sur une base mensuelle).<\/span><\/li>\n<li><span style=\"color: #000000;\">Pr\u00e9paration des d\u00e9clarations d&#8217;imp\u00f4t sur le revenu et de TVA<\/span><\/li>\n<li><span style=\"color: #000000;\">Services de paie (calcul de la paie mensuelle, d\u00e9ductions statutaires comme CSG\/NPF, pr\u00e9l\u00e8vement et \u00e9mission des fiches de paie.<\/span><\/li>\n<li><span style=\"color: #000000;\">Enregistrement\/renouvellement de l&#8217;enregistrement aupr\u00e8s de l&#8217;Office de protection des donn\u00e9es en tant que contr\u00f4leur de donn\u00e9es<\/span><\/li>\n<li><span style=\"color: #000000;\">Conformit\u00e9 aux r\u00e9glementations &#8211; Veiller \u00e0 ce que les clients se conforment aux diverses l\u00e9gislations ayant un impact sur leurs activit\u00e9s (par exemple, le droit des soci\u00e9t\u00e9s, la lutte contre le blanchiment d&#8217;argent, le droit du travail, les services financiers, l&#8217;imp\u00f4t sur le revenu, la TVA, etc.)<\/span><\/li>\n<li><span style=\"color: #000000;\">Enregistrement pour la protection de votre marque et de vos noms commerciaux<\/span><\/li>\n<\/ul>\n<p>[\/vc_column_text][\/vc_column][vc_column width=&#8221;1\/3&#8243; css=&#8221;.vc_custom_1659846955262{margin-top: 30px !important;}&#8221;][vc_single_image source=&#8221;external_link&#8221; custom_src=&#8221;https:\/\/meltan.mu\/wp-content\/uploads\/2022\/08\/Accounting-3.jpg&#8221;][\/vc_column][\/vc_row]<\/p>\n","protected":false},"excerpt":{"rendered":"<p>[vc_row full_width=&#8221;stretch_row_content&#8221; css=&#8221;.vc_custom_1659459295966{background-color: #ffffff !important;}&#8221;][vc_column css=&#8221;.vc_custom_1661154415737{padding-top: 0px !important;padding-right: 0px !important;padding-bottom: 0px !important;padding-left: 0px !important;}&#8221;][vc_single_image source=&#8221;external_link&#8221; css=&#8221;.vc_custom_1662893281145{padding-top: 0px !important;padding-right: 0px !important;padding-bottom: 0px !important;padding-left: 0px !important;}&#8221; custom_src=&#8221;https:\/\/meltan.mu\/wp-content\/uploads\/2022\/08\/Services.jpg&#8221;][\/vc_column][\/vc_row][vc_row full_width=&#8221;stretch_row_content&#8221; content_placement=&#8221;middle&#8221; css=&#8221;.vc_custom_1659849523008{padding-right: 20px !important;padding-bottom: 40px !important;padding-left: 20px !important;background-color: #d3d3d3 !important;}&#8221;][vc_column width=&#8221;2\/3&#8243; css=&#8221;.vc_custom_1659459622027{margin-top: 50px !important;}&#8221;][vc_column_text css=&#8221;.vc_custom_1662893374768{margin-top: 40px !important;}&#8221;] Services de secr\u00e9tariat et de comptabilit\u00e9 Cr\u00e9ation d&#8217;une soci\u00e9t\u00e9 et services aux [&hellip;]<\/p>\n","protected":false},"author":1,"featured_media":0,"parent":0,"menu_order":0,"comment_status":"closed","ping_status":"closed","template":"templates\/full-width.php","meta":{"footnotes":""},"class_list":["post-17297","page","type-page","status-publish","hentry"],"aioseo_notices":[],"_links":{"self":[{"href":"https:\/\/meltan.mu\/index.php\/wp-json\/wp\/v2\/pages\/17297","targetHints":{"allow":["GET"]}}],"collection":[{"href":"https:\/\/meltan.mu\/index.php\/wp-json\/wp\/v2\/pages"}],"about":[{"href":"https:\/\/meltan.mu\/index.php\/wp-json\/wp\/v2\/types\/page"}],"author":[{"embeddable":true,"href":"https:\/\/meltan.mu\/index.php\/wp-json\/wp\/v2\/users\/1"}],"replies":[{"embeddable":true,"href":"https:\/\/meltan.mu\/index.php\/wp-json\/wp\/v2\/comments?post=17297"}],"version-history":[{"count":3,"href":"https:\/\/meltan.mu\/index.php\/wp-json\/wp\/v2\/pages\/17297\/revisions"}],"predecessor-version":[{"id":17300,"href":"https:\/\/meltan.mu\/index.php\/wp-json\/wp\/v2\/pages\/17297\/revisions\/17300"}],"wp:attachment":[{"href":"https:\/\/meltan.mu\/index.php\/wp-json\/wp\/v2\/media?parent=17297"}],"curies":[{"name":"wp","href":"https:\/\/api.w.org\/{rel}","templated":true}]}}