{"id":17192,"date":"2022-09-07T20:28:44","date_gmt":"2022-09-07T16:28:44","guid":{"rendered":"https:\/\/meltan.mu\/?page_id=17192"},"modified":"2022-09-07T20:31:03","modified_gmt":"2022-09-07T16:31:03","slug":"le-permis-doccupation","status":"publish","type":"page","link":"https:\/\/meltan.mu\/index.php\/fr\/le-permis-doccupation\/","title":{"rendered":"Le permis d\u2019occupation"},"content":{"rendered":"<p>[vc_row full_width=&#8221;stretch_row_content&#8221; css=&#8221;.vc_custom_1659459295966{background-color: #ffffff !important;}&#8221;][vc_column css=&#8221;.vc_custom_1661154681436{padding-top: 0px !important;padding-right: 0px !important;padding-bottom: 0px !important;padding-left: 0px !important;}&#8221;][vc_single_image source=&#8221;external_link&#8221; css=&#8221;.vc_custom_1662568243980{padding-top: 0px !important;padding-right: 0px !important;padding-bottom: 0px !important;padding-left: 0px !important;}&#8221; custom_src=&#8221;https:\/\/meltan.mu\/wp-content\/uploads\/2022\/08\/Mauritius-2.jpg&#8221;][\/vc_column][\/vc_row][vc_row full_width=&#8221;stretch_row_content&#8221; content_placement=&#8221;top&#8221; css=&#8221;.vc_custom_1659965079822{margin-top: 0px !important;padding-right: 20px !important;padding-bottom: 40px !important;padding-left: 20px !important;background-color: #d3d3d3 !important;}&#8221;][vc_column width=&#8221;1\/3&#8243; css=&#8221;.vc_custom_1659965044898{margin-top: 30px !important;}&#8221;][vc_single_image source=&#8221;external_link&#8221; custom_src=&#8221;https:\/\/meltan.mu\/wp-content\/uploads\/2022\/08\/occupation-permit-1.jpg&#8221;][\/vc_column][vc_column width=&#8221;2\/3&#8243; css=&#8221;.vc_custom_1659846955262{margin-top: 30px !important;}&#8221;][vc_column_text css=&#8221;.vc_custom_1662568206372{margin-top: 40px !important;}&#8221;]<\/p>\n<h1 style=\"text-align: justify;\"><span style=\"color: #000000;\"><strong>Le permis d\u2019occupation<\/strong><\/span><\/h1>\n<p style=\"text-align: justify;\"><span style=\"color: #000000;\">Le permis d\u2019occupation est un permis de travail et de r\u00e9sidence combin\u00e9 qui permet aux ressortissants \u00e9trangers de travailler et de r\u00e9sider \u00e0 l&#8217;\u00eele Maurice dans 3 cat\u00e9gories sp\u00e9cifiques, \u00e0 savoir:<\/span><\/p>\n<ol style=\"text-align: justify;\">\n<li><span style=\"color: #000000;\">Investisseur, y compris l&#8217;investisseur pour les start-ups innovantes ;<\/span><\/li>\n<li><span style=\"color: #000000;\">Professionnel ; et<\/span><\/li>\n<li><span style=\"color: #000000;\">Travailleur ind\u00e9pendant.<\/span><\/li>\n<\/ol>\n<p style=\"text-align: justify;\"><span style=\"color: #000000;\">Les ressortissants \u00e9trangers, \u00e2g\u00e9s de plus de 50 ans, peuvent \u00e9galement choisir de prendre leur retraite \u00e0 Maurice en tant que non-citoyens retrait\u00e9s. Ces ressortissants \u00e9trangers se verront d\u00e9livrer un permis de s\u00e9jour en tant que non-citoyen \u00e0 la retraite.<\/span><\/p>\n<p style=\"text-align: justify;\"><span style=\"color: #000000;\">Un permis d&#8217;occupation (investisseur et travailleur ind\u00e9pendant) et un permis de r\u00e9sidence en tant que non-citoyen retrait\u00e9 seront d\u00e9livr\u00e9s pour une p\u00e9riode maximale de dix ans, et pourront \u00eatre renouvel\u00e9s par la suite conform\u00e9ment aux crit\u00e8res \u00e9tablis.<\/span><\/p>\n<p>[\/vc_column_text][\/vc_column][\/vc_row]<\/p>\n","protected":false},"excerpt":{"rendered":"<p>[vc_row full_width=&#8221;stretch_row_content&#8221; css=&#8221;.vc_custom_1659459295966{background-color: #ffffff !important;}&#8221;][vc_column css=&#8221;.vc_custom_1661154681436{padding-top: 0px !important;padding-right: 0px !important;padding-bottom: 0px !important;padding-left: 0px !important;}&#8221;][vc_single_image source=&#8221;external_link&#8221; css=&#8221;.vc_custom_1662568243980{padding-top: 0px !important;padding-right: 0px !important;padding-bottom: 0px !important;padding-left: 0px !important;}&#8221; custom_src=&#8221;https:\/\/meltan.mu\/wp-content\/uploads\/2022\/08\/Mauritius-2.jpg&#8221;][\/vc_column][\/vc_row][vc_row full_width=&#8221;stretch_row_content&#8221; content_placement=&#8221;top&#8221; css=&#8221;.vc_custom_1659965079822{margin-top: 0px !important;padding-right: 20px !important;padding-bottom: 40px !important;padding-left: 20px !important;background-color: #d3d3d3 !important;}&#8221;][vc_column width=&#8221;1\/3&#8243; css=&#8221;.vc_custom_1659965044898{margin-top: 30px !important;}&#8221;][vc_single_image source=&#8221;external_link&#8221; custom_src=&#8221;https:\/\/meltan.mu\/wp-content\/uploads\/2022\/08\/occupation-permit-1.jpg&#8221;][\/vc_column][vc_column width=&#8221;2\/3&#8243; css=&#8221;.vc_custom_1659846955262{margin-top: 30px !important;}&#8221;][vc_column_text css=&#8221;.vc_custom_1662568206372{margin-top: 40px !important;}&#8221;] Le permis d\u2019occupation Le [&hellip;]<\/p>\n","protected":false},"author":1,"featured_media":0,"parent":0,"menu_order":0,"comment_status":"closed","ping_status":"closed","template":"templates\/full-width.php","meta":{"footnotes":""},"class_list":["post-17192","page","type-page","status-publish","hentry"],"aioseo_notices":[],"_links":{"self":[{"href":"https:\/\/meltan.mu\/index.php\/wp-json\/wp\/v2\/pages\/17192","targetHints":{"allow":["GET"]}}],"collection":[{"href":"https:\/\/meltan.mu\/index.php\/wp-json\/wp\/v2\/pages"}],"about":[{"href":"https:\/\/meltan.mu\/index.php\/wp-json\/wp\/v2\/types\/page"}],"author":[{"embeddable":true,"href":"https:\/\/meltan.mu\/index.php\/wp-json\/wp\/v2\/users\/1"}],"replies":[{"embeddable":true,"href":"https:\/\/meltan.mu\/index.php\/wp-json\/wp\/v2\/comments?post=17192"}],"version-history":[{"count":3,"href":"https:\/\/meltan.mu\/index.php\/wp-json\/wp\/v2\/pages\/17192\/revisions"}],"predecessor-version":[{"id":17195,"href":"https:\/\/meltan.mu\/index.php\/wp-json\/wp\/v2\/pages\/17192\/revisions\/17195"}],"wp:attachment":[{"href":"https:\/\/meltan.mu\/index.php\/wp-json\/wp\/v2\/media?parent=17192"}],"curies":[{"name":"wp","href":"https:\/\/api.w.org\/{rel}","templated":true}]}}