{"id":17160,"date":"2022-09-06T15:38:50","date_gmt":"2022-09-06T11:38:50","guid":{"rendered":"https:\/\/meltan.mu\/?page_id=17160"},"modified":"2022-09-11T14:11:07","modified_gmt":"2022-09-11T10:11:07","slug":"pourquoi-lile-maurice","status":"publish","type":"page","link":"https:\/\/meltan.mu\/index.php\/fr\/pourquoi-lile-maurice\/","title":{"rendered":"Pourquoi l&#8217;\u00eele Maurice"},"content":{"rendered":"<p>[vc_section full_width=&#8221;stretch_row&#8221; full_height=&#8221;yes&#8221; content_placement=&#8221;middle&#8221; video_bg=&#8221;yes&#8221; video_bg_url=&#8221;https:\/\/www.youtube.com\/watch?v=IUgG4-ts2lU&#8221; css=&#8221;.vc_custom_1661699842642{margin-bottom: 80px !important;padding-top: 0px !important;padding-bottom: 30px !important;}&#8221;][\/vc_section][vc_row full_width=&#8221;stretch_row_content&#8221;][vc_column width=&#8221;1\/3&#8243;][vc_single_image source=&#8221;external_link&#8221; custom_src=&#8221;https:\/\/meltan.mu\/wp-content\/uploads\/2022\/08\/Why-Mauritius.jpg&#8221;][\/vc_column][vc_column width=&#8221;2\/3&#8243;][vc_column_text]<span style=\"color: #000000;\">Au fil des ans, l&#8217;\u00eele Maurice a m\u00e9ticuleusement cr\u00e9\u00e9 les conditions pr\u00e9alables pour en faire une destination avantageuse, s\u00fbre et propice aux affaires, d&#8217;une qualit\u00e9 in\u00e9gal\u00e9e pour la communaut\u00e9 des investisseurs, tant locaux qu&#8217;\u00e9trangers.<\/span><\/p>\n<ul>\n<li><span style=\"color: #000000;\">Un style de vie unique avec une diversit\u00e9 culturelle harmonieuse<\/span><\/li>\n<li><span style=\"color: #000000;\">Une \u00e9conomie comp\u00e9titive et bien diversifi\u00e9e<\/span><\/li>\n<li><span style=\"color: #000000;\">Environnement propice aux affaires &#8211; Facilit\u00e9 de faire des affaires de la Banque mondiale &#8211; 13e rang mondial -2020<\/span><\/li>\n<li><span style=\"color: #000000;\">Faible taux d&#8217;imposition, imp\u00f4t sur le revenu, imp\u00f4t sur les soci\u00e9t\u00e9s et TVA au taux harmonis\u00e9 de 15 %.<\/span><\/li>\n<li><span style=\"color: #000000;\">Talents de classe mondiale &#8211; Main d&#8217;\u0153uvre bilingue (anglais et fran\u00e7ais) &#8211; Taux d&#8217;alphab\u00e9tisation des adultes de 89,9 %.<\/span><\/li>\n<li><span style=\"color: #000000;\">Connectivit\u00e9 mondiale avec un a\u00e9roport et un port maritime modernes.<\/span><\/li>\n<li><span style=\"color: #000000;\">Protection des investisseurs &#8211; Accords de promotion et de protection des investissements sign\u00e9s avec un grand nombre de juridictions.<\/span><\/li>\n<li><span style=\"color: #000000;\">Trait\u00e9s de non-double imposition avec 44 pays<\/span><\/li>\n<\/ul>\n<p>[\/vc_column_text][\/vc_column][\/vc_row]<\/p>\n","protected":false},"excerpt":{"rendered":"<p>[vc_section full_width=&#8221;stretch_row&#8221; full_height=&#8221;yes&#8221; content_placement=&#8221;middle&#8221; video_bg=&#8221;yes&#8221; video_bg_url=&#8221;https:\/\/www.youtube.com\/watch?v=IUgG4-ts2lU&#8221; css=&#8221;.vc_custom_1661699842642{margin-bottom: 80px !important;padding-top: 0px !important;padding-bottom: 30px !important;}&#8221;][\/vc_section][vc_row full_width=&#8221;stretch_row_content&#8221;][vc_column width=&#8221;1\/3&#8243;][vc_single_image source=&#8221;external_link&#8221; custom_src=&#8221;https:\/\/meltan.mu\/wp-content\/uploads\/2022\/08\/Why-Mauritius.jpg&#8221;][\/vc_column][vc_column width=&#8221;2\/3&#8243;][vc_column_text]Au fil des ans, l&#8217;\u00eele Maurice a m\u00e9ticuleusement cr\u00e9\u00e9 les conditions pr\u00e9alables pour en faire une destination avantageuse, s\u00fbre et propice aux affaires, d&#8217;une qualit\u00e9 in\u00e9gal\u00e9e pour la communaut\u00e9 des investisseurs, tant locaux qu&#8217;\u00e9trangers. Un style de vie [&hellip;]<\/p>\n","protected":false},"author":1,"featured_media":0,"parent":0,"menu_order":0,"comment_status":"closed","ping_status":"closed","template":"templates\/full-width.php","meta":{"footnotes":""},"class_list":["post-17160","page","type-page","status-publish","hentry"],"aioseo_notices":[],"_links":{"self":[{"href":"https:\/\/meltan.mu\/index.php\/wp-json\/wp\/v2\/pages\/17160","targetHints":{"allow":["GET"]}}],"collection":[{"href":"https:\/\/meltan.mu\/index.php\/wp-json\/wp\/v2\/pages"}],"about":[{"href":"https:\/\/meltan.mu\/index.php\/wp-json\/wp\/v2\/types\/page"}],"author":[{"embeddable":true,"href":"https:\/\/meltan.mu\/index.php\/wp-json\/wp\/v2\/users\/1"}],"replies":[{"embeddable":true,"href":"https:\/\/meltan.mu\/index.php\/wp-json\/wp\/v2\/comments?post=17160"}],"version-history":[{"count":4,"href":"https:\/\/meltan.mu\/index.php\/wp-json\/wp\/v2\/pages\/17160\/revisions"}],"predecessor-version":[{"id":17167,"href":"https:\/\/meltan.mu\/index.php\/wp-json\/wp\/v2\/pages\/17160\/revisions\/17167"}],"wp:attachment":[{"href":"https:\/\/meltan.mu\/index.php\/wp-json\/wp\/v2\/media?parent=17160"}],"curies":[{"name":"wp","href":"https:\/\/api.w.org\/{rel}","templated":true}]}}