{"id":17126,"date":"2022-09-05T20:58:57","date_gmt":"2022-09-05T16:58:57","guid":{"rendered":"https:\/\/meltan.mu\/?page_id=17126"},"modified":"2022-09-06T16:11:44","modified_gmt":"2022-09-06T12:11:44","slug":"qui-sommes-nous","status":"publish","type":"page","link":"https:\/\/meltan.mu\/index.php\/fr\/qui-sommes-nous\/","title":{"rendered":"Qui sommes nous?"},"content":{"rendered":"<p>[vc_row full_width=&#8221;stretch_row_content&#8221; css=&#8221;.vc_custom_1661698972492{padding-top: 0px !important;padding-right: 0px !important;padding-bottom: 0px !important;padding-left: 0px !important;background-color: #ffffff !important;}&#8221;][vc_column css=&#8221;.vc_custom_1661154272758{padding-top: 0px !important;padding-right: 0px !important;padding-bottom: 0px !important;padding-left: 0px !important;}&#8221;][vc_single_image source=&#8221;external_link&#8221; css=&#8221;.vc_custom_1662398335560{padding-top: 0px !important;padding-right: 0px !important;padding-bottom: 0px !important;padding-left: 0px !important;}&#8221; custom_src=&#8221;https:\/\/meltan.mu\/wp-content\/uploads\/2022\/08\/Mauritius-2.jpg&#8221;][\/vc_column][\/vc_row][vc_row full_width=&#8221;stretch_row_content&#8221; content_placement=&#8221;middle&#8221; css=&#8221;.vc_custom_1659849675068{padding-right: 20px !important;padding-bottom: 40px !important;padding-left: 20px !important;background-color: #d3d3d3 !important;}&#8221;][vc_column width=&#8221;2\/3&#8243; css=&#8221;.vc_custom_1659459622027{margin-top: 50px !important;}&#8221;][vc_column_text css=&#8221;.vc_custom_1662466304321{margin-top: 40px !important;}&#8221;]<\/p>\n<h1><span style=\"color: #000000;\">Qui sommes nous?<\/span><\/h1>\n<p style=\"text-align: justify;\"><span style=\"color: #000000;\">Meltan Consulting est compos\u00e9 d&#8217;une \u00e9quipe de professionnels hautement qualifi\u00e9s, dont d&#8217;anciens hauts fonctionnaires de l&#8217;Economic Development Board (EDB), l&#8217;agence nationale de promotion des investissements de l&#8217;\u00eele Maurice. Meltan Consulting est dirig\u00e9e par Jaysen Arunachalam, un ancien cadre de l&#8217;EDB, qui a \u00e9t\u00e9 \u00e9troitement impliqu\u00e9 dans la r\u00e9daction des lois relatives \u00e0 la facilitation des affaires, au port franc, au permis de travail et de r\u00e9sidence , \u00e0 l&#8217;acquisition de biens par des \u00e9trangers et aux programmes immobiliers tels que l&#8217;IHS, le RES, l&#8217;IRS et le PDS. Pendant son s\u00e9jour \u00e0 l&#8217;EDB, Jaysen a particip\u00e9 \u00e0 la facilitation et \u00e0 l\u2019impl\u00e9mentation r\u00e9ussie de plusieurs projets d\u2019investissement dans diff\u00e9rents secteurs.<\/span><\/p>\n<p style=\"text-align: justify;\"><span style=\"color: #000000;\">Notre \u00e9quipe de professionnels tr\u00e8s d\u00e9vou\u00e9s et exp\u00e9riment\u00e9s a une connaissance approfondie des l\u00e9gislations, des proc\u00e9dures d&#8217;application et des politiques et conna\u00eet bien les services de l&#8217;administration publique.<\/span><\/p>\n<p style=\"text-align: justify;\"><span style=\"color: #000000;\">Chez Meltan Consulting, nous offrons \u00e0 nos clients un service de guichet unique et nous nous assurons qu&#8217;ils b\u00e9n\u00e9ficient d&#8217;une exp\u00e9rience sans encombre lorsqu&#8217;ils investissent, prennent leur retraite ou s&#8217;installent \u00e0 Maurice.<\/span><\/p>\n<p>[\/vc_column_text][\/vc_column][vc_column width=&#8221;1\/3&#8243; css=&#8221;.vc_custom_1659846955262{margin-top: 30px !important;}&#8221;][vc_single_image source=&#8221;external_link&#8221; custom_src=&#8221;https:\/\/meltan.mu\/wp-content\/uploads\/2022\/08\/About-us-1.jpg&#8221;][\/vc_column][\/vc_row]<\/p>\n","protected":false},"excerpt":{"rendered":"<p>[vc_row full_width=&#8221;stretch_row_content&#8221; css=&#8221;.vc_custom_1661698972492{padding-top: 0px !important;padding-right: 0px !important;padding-bottom: 0px !important;padding-left: 0px !important;background-color: #ffffff !important;}&#8221;][vc_column css=&#8221;.vc_custom_1661154272758{padding-top: 0px !important;padding-right: 0px !important;padding-bottom: 0px !important;padding-left: 0px !important;}&#8221;][vc_single_image source=&#8221;external_link&#8221; css=&#8221;.vc_custom_1662398335560{padding-top: 0px !important;padding-right: 0px !important;padding-bottom: 0px !important;padding-left: 0px !important;}&#8221; custom_src=&#8221;https:\/\/meltan.mu\/wp-content\/uploads\/2022\/08\/Mauritius-2.jpg&#8221;][\/vc_column][\/vc_row][vc_row full_width=&#8221;stretch_row_content&#8221; content_placement=&#8221;middle&#8221; css=&#8221;.vc_custom_1659849675068{padding-right: 20px !important;padding-bottom: 40px !important;padding-left: 20px !important;background-color: #d3d3d3 !important;}&#8221;][vc_column width=&#8221;2\/3&#8243; css=&#8221;.vc_custom_1659459622027{margin-top: 50px !important;}&#8221;][vc_column_text css=&#8221;.vc_custom_1662466304321{margin-top: 40px !important;}&#8221;] Qui sommes nous? Meltan [&hellip;]<\/p>\n","protected":false},"author":1,"featured_media":0,"parent":0,"menu_order":0,"comment_status":"closed","ping_status":"closed","template":"templates\/full-width.php","meta":{"footnotes":""},"class_list":["post-17126","page","type-page","status-publish","hentry"],"aioseo_notices":[],"_links":{"self":[{"href":"https:\/\/meltan.mu\/index.php\/wp-json\/wp\/v2\/pages\/17126","targetHints":{"allow":["GET"]}}],"collection":[{"href":"https:\/\/meltan.mu\/index.php\/wp-json\/wp\/v2\/pages"}],"about":[{"href":"https:\/\/meltan.mu\/index.php\/wp-json\/wp\/v2\/types\/page"}],"author":[{"embeddable":true,"href":"https:\/\/meltan.mu\/index.php\/wp-json\/wp\/v2\/users\/1"}],"replies":[{"embeddable":true,"href":"https:\/\/meltan.mu\/index.php\/wp-json\/wp\/v2\/comments?post=17126"}],"version-history":[{"count":6,"href":"https:\/\/meltan.mu\/index.php\/wp-json\/wp\/v2\/pages\/17126\/revisions"}],"predecessor-version":[{"id":17172,"href":"https:\/\/meltan.mu\/index.php\/wp-json\/wp\/v2\/pages\/17126\/revisions\/17172"}],"wp:attachment":[{"href":"https:\/\/meltan.mu\/index.php\/wp-json\/wp\/v2\/media?parent=17126"}],"curies":[{"name":"wp","href":"https:\/\/api.w.org\/{rel}","templated":true}]}}