{"id":16607,"date":"2022-06-05T18:57:21","date_gmt":"2022-06-05T14:57:21","guid":{"rendered":"https:\/\/meltan.mu\/?page_id=16607"},"modified":"2022-09-07T20:01:52","modified_gmt":"2022-09-07T16:01:52","slug":"lile-maurice-en-un-coup-doeil","status":"publish","type":"page","link":"https:\/\/meltan.mu\/index.php\/fr\/lile-maurice-en-un-coup-doeil\/","title":{"rendered":"L&#8217;\u00eele Maurice en un coup d&#8217;\u0153il"},"content":{"rendered":"<p>[vc_row full_width=&#8221;stretch_row_content&#8221; css=&#8221;.vc_custom_1659459295966{background-color: #ffffff !important;}&#8221;][vc_column css=&#8221;.vc_custom_1661154645234{padding-top: 0px !important;padding-right: 0px !important;padding-bottom: 0px !important;padding-left: 0px !important;}&#8221;][vc_single_image source=&#8221;external_link&#8221; css=&#8221;.vc_custom_1662564707632{padding-top: 0px !important;padding-right: 0px !important;padding-bottom: 0px !important;padding-left: 0px !important;}&#8221; custom_src=&#8221;https:\/\/meltan.mu\/wp-content\/uploads\/2022\/08\/Mauritius-2.jpg&#8221;][\/vc_column][\/vc_row][vc_row full_width=&#8221;stretch_row_content&#8221; content_placement=&#8221;middle&#8221; css=&#8221;.vc_custom_1659849523008{padding-right: 20px !important;padding-bottom: 40px !important;padding-left: 20px !important;background-color: #d3d3d3 !important;}&#8221;][vc_column width=&#8221;1\/3&#8243; css=&#8221;.vc_custom_1659459622027{margin-top: 50px !important;}&#8221;][vc_single_image source=&#8221;external_link&#8221; custom_src=&#8221;https:\/\/meltan.mu\/wp-content\/uploads\/2022\/08\/About-us.jpg&#8221;][\/vc_column][vc_column width=&#8221;2\/3&#8243; css=&#8221;.vc_custom_1659846955262{margin-top: 30px !important;}&#8221;][vc_column_text css=&#8221;.vc_custom_1662564797077{margin-top: 40px !important;}&#8221;]<\/p>\n<h1><span style=\"color: #000000;\"><strong>L&#8217;\u00eele Maurice en un coup d&#8217;\u0153il<\/strong><\/span><\/h1>\n<ul>\n<li><span style=\"color: #000000;\">Population : 1,3 million d&#8217;habitants<\/span><\/li>\n<li><span style=\"color: #000000;\">Taux de croissance du PIB r\u00e9el : 4.8 % (2021)<\/span><\/li>\n<li><span style=\"color: #000000;\">RNB par habitant : 10 230 $.<\/span><\/li>\n<li><span style=\"color: #000000;\">Langue : Anglais et fran\u00e7ais<\/span><\/li>\n<li><span style=\"color: #000000;\">Superficie : 2058 km\u00b2.<\/span><\/li>\n<li><span style=\"color: #000000;\">Zone \u00e9conomique exclusive : 2,3 millions de km\u00b2.<\/span><\/li>\n<li><span style=\"color: #000000;\">Taux d&#8217;alphab\u00e9tisation des adultes : 89.9%<\/span><\/li>\n<li><span style=\"color: #000000;\">Syst\u00e8me juridique :\u00a0 Syst\u00e8me hybride inspir\u00e9 des lois fran\u00e7aises et britanniques<\/span><\/li>\n<\/ul>\n<p>[\/vc_column_text][\/vc_column][\/vc_row]<\/p>\n","protected":false},"excerpt":{"rendered":"<p>[vc_row full_width=&#8221;stretch_row_content&#8221; css=&#8221;.vc_custom_1659459295966{background-color: #ffffff !important;}&#8221;][vc_column css=&#8221;.vc_custom_1661154645234{padding-top: 0px !important;padding-right: 0px !important;padding-bottom: 0px !important;padding-left: 0px !important;}&#8221;][vc_single_image source=&#8221;external_link&#8221; css=&#8221;.vc_custom_1662564707632{padding-top: 0px !important;padding-right: 0px !important;padding-bottom: 0px !important;padding-left: 0px !important;}&#8221; custom_src=&#8221;https:\/\/meltan.mu\/wp-content\/uploads\/2022\/08\/Mauritius-2.jpg&#8221;][\/vc_column][\/vc_row][vc_row full_width=&#8221;stretch_row_content&#8221; content_placement=&#8221;middle&#8221; css=&#8221;.vc_custom_1659849523008{padding-right: 20px !important;padding-bottom: 40px !important;padding-left: 20px !important;background-color: #d3d3d3 !important;}&#8221;][vc_column width=&#8221;1\/3&#8243; css=&#8221;.vc_custom_1659459622027{margin-top: 50px !important;}&#8221;][vc_single_image source=&#8221;external_link&#8221; custom_src=&#8221;https:\/\/meltan.mu\/wp-content\/uploads\/2022\/08\/About-us.jpg&#8221;][\/vc_column][vc_column width=&#8221;2\/3&#8243; css=&#8221;.vc_custom_1659846955262{margin-top: 30px !important;}&#8221;][vc_column_text css=&#8221;.vc_custom_1662564797077{margin-top: 40px !important;}&#8221;] L&#8217;\u00eele Maurice en un coup d&#8217;\u0153il [&hellip;]<\/p>\n","protected":false},"author":1,"featured_media":0,"parent":0,"menu_order":0,"comment_status":"closed","ping_status":"closed","template":"templates\/full-width.php","meta":{"footnotes":""},"class_list":["post-16607","page","type-page","status-publish","hentry"],"aioseo_notices":[],"_links":{"self":[{"href":"https:\/\/meltan.mu\/index.php\/wp-json\/wp\/v2\/pages\/16607","targetHints":{"allow":["GET"]}}],"collection":[{"href":"https:\/\/meltan.mu\/index.php\/wp-json\/wp\/v2\/pages"}],"about":[{"href":"https:\/\/meltan.mu\/index.php\/wp-json\/wp\/v2\/types\/page"}],"author":[{"embeddable":true,"href":"https:\/\/meltan.mu\/index.php\/wp-json\/wp\/v2\/users\/1"}],"replies":[{"embeddable":true,"href":"https:\/\/meltan.mu\/index.php\/wp-json\/wp\/v2\/comments?post=16607"}],"version-history":[{"count":9,"href":"https:\/\/meltan.mu\/index.php\/wp-json\/wp\/v2\/pages\/16607\/revisions"}],"predecessor-version":[{"id":17187,"href":"https:\/\/meltan.mu\/index.php\/wp-json\/wp\/v2\/pages\/16607\/revisions\/17187"}],"wp:attachment":[{"href":"https:\/\/meltan.mu\/index.php\/wp-json\/wp\/v2\/media?parent=16607"}],"curies":[{"name":"wp","href":"https:\/\/api.w.org\/{rel}","templated":true}]}}